{"id":3891,"date":"2024-08-26T14:25:25","date_gmt":"2024-08-26T10:25:25","guid":{"rendered":"https:\/\/b2bconsulty.com\/umfassende-geschaeftliche-unterstuetzung\/"},"modified":"2025-12-17T18:49:59","modified_gmt":"2025-12-17T14:49:59","slug":"komplexe-unternehmensunterstuetzung","status":"publish","type":"page","link":"https:\/\/b2bconsulty.com\/de\/komplexe-unternehmensunterstuetzung\/","title":{"rendered":"Komplexe Unternehmensunterst\u00fctzung"},"content":{"rendered":"\t\t<div data-elementor-type=\"wp-page\" data-elementor-id=\"3891\" class=\"elementor elementor-3891 elementor-457\">\n\t\t\t\t<div class=\"elementor-element elementor-element-204822b e-flex e-con-boxed e-con e-parent\" data-id=\"204822b\" data-element_type=\"container\" data-e-type=\"container\">\n\t\t\t\t\t<div class=\"e-con-inner\">\n\t\t\t\t<div class=\"elementor-element elementor-element-32a5eb4 elementor-widget elementor-widget-heading\" data-id=\"32a5eb4\" data-element_type=\"widget\" data-e-type=\"widget\" data-widget_type=\"heading.default\">\n\t\t\t\t<div class=\"elementor-widget-container\">\n\t\t\t\t\t<h1 class=\"elementor-heading-title elementor-size-default\">Lassen Sie uns \u00fcber Ihr Projekt sprechen!<\/h1>\t\t\t\t<\/div>\n\t\t\t\t<\/div>\n\t\t\t\t\t<\/div>\n\t\t\t\t<\/div>\n\t\t\t\t<\/div>\n\t\t","protected":false},"excerpt":{"rendered":"<p>Lassen Sie uns \u00fcber Ihr Projekt sprechen!<\/p>\n","protected":false},"author":1,"featured_media":0,"parent":0,"menu_order":0,"comment_status":"closed","ping_status":"closed","template":"","meta":{"footnotes":""},"class_list":["post-3891","page","type-page","status-publish","hentry"],"yoast_head":"<!-- This site is optimized with the Yoast SEO Premium plugin v27.4 (Yoast SEO v27.4) - https:\/\/yoast.com\/product\/yoast-seo-premium-wordpress\/ -->\n<title>Komplexe Unternehmensunterst\u00fctzung - B2B Consulting<\/title>\n<meta name=\"description\" content=\"Wir bieten L\u00f6sungen f\u00fcr komplexe Gesch\u00e4ftsherausforderungen \u2013 von Strategieplanung bis zu operativer Effizienz und individueller Unterst\u00fctzung.\" \/>\n<meta name=\"robots\" content=\"index, follow, max-snippet:-1, max-image-preview:large, max-video-preview:-1\" \/>\n<link rel=\"canonical\" href=\"https:\/\/b2bconsulty.com\/de\/komplexe-unternehmensunterstuetzung\/\" \/>\n<meta property=\"og:locale\" content=\"de_DE\" \/>\n<meta property=\"og:type\" content=\"article\" \/>\n<meta property=\"og:title\" content=\"Komplexe Unternehmensunterst\u00fctzung Business setup formation in Dubai\" \/>\n<meta property=\"og:description\" content=\"B2B Consulty is your trusted partner for UAE company formation, Free Zone or Mainland setup, bank account opening, and business support.\" \/>\n<meta property=\"og:url\" content=\"https:\/\/b2bconsulty.com\/de\/komplexe-unternehmensunterstuetzung\/\" \/>\n<meta property=\"og:site_name\" content=\"B2B Consulting\" \/>\n<meta property=\"article:publisher\" content=\"https:\/\/www.facebook.com\/B2Bconsulty\" \/>\n<meta property=\"article:modified_time\" content=\"2025-12-17T14:49:59+00:00\" \/>\n<meta property=\"og:image\" content=\"https:\/\/b2bconsulty.com\/wp-content\/uploads\/2025\/12\/B2B_Consulting_1200x675.png\" \/>\n\t<meta property=\"og:image:width\" content=\"1200\" \/>\n\t<meta property=\"og:image:height\" content=\"675\" \/>\n\t<meta property=\"og:image:type\" content=\"image\/png\" \/>\n<meta name=\"twitter:card\" content=\"summary_large_image\" \/>\n<meta name=\"twitter:label1\" content=\"Gesch\u00e4tzte Lesezeit\" \/>\n\t<meta name=\"twitter:data1\" content=\"1\u00a0Minute\" \/>\n<script type=\"application\/ld+json\" class=\"yoast-schema-graph\">{\"@context\":\"https:\\\/\\\/schema.org\",\"@graph\":[{\"@type\":\"WebPage\",\"@id\":\"https:\\\/\\\/b2bconsulty.com\\\/de\\\/komplexe-unternehmensunterstuetzung\\\/\",\"url\":\"https:\\\/\\\/b2bconsulty.com\\\/de\\\/komplexe-unternehmensunterstuetzung\\\/\",\"name\":\"Komplexe Unternehmensunterst\u00fctzung - B2B Consulting\",\"isPartOf\":{\"@id\":\"https:\\\/\\\/b2bconsulty.com\\\/de\\\/#website\"},\"datePublished\":\"2024-08-26T10:25:25+00:00\",\"dateModified\":\"2025-12-17T14:49:59+00:00\",\"description\":\"Wir bieten L\u00f6sungen f\u00fcr komplexe Gesch\u00e4ftsherausforderungen \u2013 von Strategieplanung bis zu operativer Effizienz und individueller Unterst\u00fctzung.\",\"breadcrumb\":{\"@id\":\"https:\\\/\\\/b2bconsulty.com\\\/de\\\/komplexe-unternehmensunterstuetzung\\\/#breadcrumb\"},\"inLanguage\":\"de\",\"potentialAction\":[{\"@type\":\"ReadAction\",\"target\":[\"https:\\\/\\\/b2bconsulty.com\\\/de\\\/komplexe-unternehmensunterstuetzung\\\/\"]}]},{\"@type\":\"BreadcrumbList\",\"@id\":\"https:\\\/\\\/b2bconsulty.com\\\/de\\\/komplexe-unternehmensunterstuetzung\\\/#breadcrumb\",\"itemListElement\":[{\"@type\":\"ListItem\",\"position\":1,\"name\":\"Home\",\"item\":\"https:\\\/\\\/b2bconsulty.com\\\/de\\\/\"},{\"@type\":\"ListItem\",\"position\":2,\"name\":\"Komplexe Unternehmensunterst\u00fctzung\"}]},{\"@type\":\"WebSite\",\"@id\":\"https:\\\/\\\/b2bconsulty.com\\\/de\\\/#website\",\"url\":\"https:\\\/\\\/b2bconsulty.com\\\/de\\\/\",\"name\":\"B2B Consulting Dubai\",\"description\":\"Business Setup in Dubai Freezone\",\"publisher\":{\"@id\":\"https:\\\/\\\/b2bconsulty.com\\\/de\\\/#organization\"},\"alternateName\":\"B2B Consulting\",\"potentialAction\":[{\"@type\":\"SearchAction\",\"target\":{\"@type\":\"EntryPoint\",\"urlTemplate\":\"https:\\\/\\\/b2bconsulty.com\\\/de\\\/?s={search_term_string}\"},\"query-input\":{\"@type\":\"PropertyValueSpecification\",\"valueRequired\":true,\"valueName\":\"search_term_string\"}}],\"inLanguage\":\"de\"},{\"@type\":\"Organization\",\"@id\":\"https:\\\/\\\/b2bconsulty.com\\\/de\\\/#organization\",\"name\":\"B2B Consulting\",\"alternateName\":\"B2B Consulting\",\"url\":\"https:\\\/\\\/b2bconsulty.com\\\/de\\\/\",\"logo\":{\"@type\":\"ImageObject\",\"inLanguage\":\"de\",\"@id\":\"https:\\\/\\\/b2bconsulty.com\\\/de\\\/#\\\/schema\\\/logo\\\/image\\\/\",\"url\":\"https:\\\/\\\/b2bconsulty.com\\\/wp-content\\\/uploads\\\/2024\\\/11\\\/Frame-5-1.png\",\"contentUrl\":\"https:\\\/\\\/b2bconsulty.com\\\/wp-content\\\/uploads\\\/2024\\\/11\\\/Frame-5-1.png\",\"width\":728,\"height\":129,\"caption\":\"B2B Consulting\"},\"image\":{\"@id\":\"https:\\\/\\\/b2bconsulty.com\\\/de\\\/#\\\/schema\\\/logo\\\/image\\\/\"},\"sameAs\":[\"https:\\\/\\\/www.facebook.com\\\/B2Bconsulty\",\"https:\\\/\\\/www.linkedin.com\\\/in\\\/b2b-consulting\\\/\",\"https:\\\/\\\/www.instagram.com\\\/b2b_consulty\\\/\"],\"description\":\"Business set up in Dubai in a Free zone or in Mainland. Opening a bank account in Dubai. Accountancy services.\",\"email\":\"info@b2bconsulty.com\",\"telephone\":\"+971585167702\",\"legalName\":\"B2B Consulty Dubai\",\"foundingDate\":\"2024-08-01\",\"numberOfEmployees\":{\"@type\":\"QuantitativeValue\",\"minValue\":\"1\",\"maxValue\":\"10\"},\"publishingPrinciples\":\"https:\\\/\\\/b2bconsulty.com\\\/privacy-and-policy\\\/\"}]}<\/script>\n<!-- \/ Yoast SEO Premium plugin. -->","yoast_head_json":{"title":"Komplexe Unternehmensunterst\u00fctzung - B2B Consulting","description":"Wir bieten L\u00f6sungen f\u00fcr komplexe Gesch\u00e4ftsherausforderungen \u2013 von Strategieplanung bis zu operativer Effizienz und individueller Unterst\u00fctzung.","robots":{"index":"index","follow":"follow","max-snippet":"max-snippet:-1","max-image-preview":"max-image-preview:large","max-video-preview":"max-video-preview:-1"},"canonical":"https:\/\/b2bconsulty.com\/de\/komplexe-unternehmensunterstuetzung\/","og_locale":"de_DE","og_type":"article","og_title":"Komplexe Unternehmensunterst\u00fctzung Business setup formation in Dubai","og_description":"B2B Consulty is your trusted partner for UAE company formation, Free Zone or Mainland setup, bank account opening, and business support.","og_url":"https:\/\/b2bconsulty.com\/de\/komplexe-unternehmensunterstuetzung\/","og_site_name":"B2B Consulting","article_publisher":"https:\/\/www.facebook.com\/B2Bconsulty","article_modified_time":"2025-12-17T14:49:59+00:00","og_image":[{"width":1200,"height":675,"url":"https:\/\/b2bconsulty.com\/wp-content\/uploads\/2025\/12\/B2B_Consulting_1200x675.png","type":"image\/png"}],"twitter_card":"summary_large_image","twitter_misc":{"Gesch\u00e4tzte Lesezeit":"1\u00a0Minute"},"schema":{"@context":"https:\/\/schema.org","@graph":[{"@type":"WebPage","@id":"https:\/\/b2bconsulty.com\/de\/komplexe-unternehmensunterstuetzung\/","url":"https:\/\/b2bconsulty.com\/de\/komplexe-unternehmensunterstuetzung\/","name":"Komplexe Unternehmensunterst\u00fctzung - B2B Consulting","isPartOf":{"@id":"https:\/\/b2bconsulty.com\/de\/#website"},"datePublished":"2024-08-26T10:25:25+00:00","dateModified":"2025-12-17T14:49:59+00:00","description":"Wir bieten L\u00f6sungen f\u00fcr komplexe Gesch\u00e4ftsherausforderungen \u2013 von Strategieplanung bis zu operativer Effizienz und individueller Unterst\u00fctzung.","breadcrumb":{"@id":"https:\/\/b2bconsulty.com\/de\/komplexe-unternehmensunterstuetzung\/#breadcrumb"},"inLanguage":"de","potentialAction":[{"@type":"ReadAction","target":["https:\/\/b2bconsulty.com\/de\/komplexe-unternehmensunterstuetzung\/"]}]},{"@type":"BreadcrumbList","@id":"https:\/\/b2bconsulty.com\/de\/komplexe-unternehmensunterstuetzung\/#breadcrumb","itemListElement":[{"@type":"ListItem","position":1,"name":"Home","item":"https:\/\/b2bconsulty.com\/de\/"},{"@type":"ListItem","position":2,"name":"Komplexe Unternehmensunterst\u00fctzung"}]},{"@type":"WebSite","@id":"https:\/\/b2bconsulty.com\/de\/#website","url":"https:\/\/b2bconsulty.com\/de\/","name":"B2B Consulting Dubai","description":"Business Setup in Dubai Freezone","publisher":{"@id":"https:\/\/b2bconsulty.com\/de\/#organization"},"alternateName":"B2B Consulting","potentialAction":[{"@type":"SearchAction","target":{"@type":"EntryPoint","urlTemplate":"https:\/\/b2bconsulty.com\/de\/?s={search_term_string}"},"query-input":{"@type":"PropertyValueSpecification","valueRequired":true,"valueName":"search_term_string"}}],"inLanguage":"de"},{"@type":"Organization","@id":"https:\/\/b2bconsulty.com\/de\/#organization","name":"B2B Consulting","alternateName":"B2B Consulting","url":"https:\/\/b2bconsulty.com\/de\/","logo":{"@type":"ImageObject","inLanguage":"de","@id":"https:\/\/b2bconsulty.com\/de\/#\/schema\/logo\/image\/","url":"https:\/\/b2bconsulty.com\/wp-content\/uploads\/2024\/11\/Frame-5-1.png","contentUrl":"https:\/\/b2bconsulty.com\/wp-content\/uploads\/2024\/11\/Frame-5-1.png","width":728,"height":129,"caption":"B2B Consulting"},"image":{"@id":"https:\/\/b2bconsulty.com\/de\/#\/schema\/logo\/image\/"},"sameAs":["https:\/\/www.facebook.com\/B2Bconsulty","https:\/\/www.linkedin.com\/in\/b2b-consulting\/","https:\/\/www.instagram.com\/b2b_consulty\/"],"description":"Business set up in Dubai in a Free zone or in Mainland. Opening a bank account in Dubai. Accountancy services.","email":"info@b2bconsulty.com","telephone":"+971585167702","legalName":"B2B Consulty Dubai","foundingDate":"2024-08-01","numberOfEmployees":{"@type":"QuantitativeValue","minValue":"1","maxValue":"10"},"publishingPrinciples":"https:\/\/b2bconsulty.com\/privacy-and-policy\/"}]}},"_links":{"self":[{"href":"https:\/\/b2bconsulty.com\/de\/wp-json\/wp\/v2\/pages\/3891","targetHints":{"allow":["GET"]}}],"collection":[{"href":"https:\/\/b2bconsulty.com\/de\/wp-json\/wp\/v2\/pages"}],"about":[{"href":"https:\/\/b2bconsulty.com\/de\/wp-json\/wp\/v2\/types\/page"}],"author":[{"embeddable":true,"href":"https:\/\/b2bconsulty.com\/de\/wp-json\/wp\/v2\/users\/1"}],"replies":[{"embeddable":true,"href":"https:\/\/b2bconsulty.com\/de\/wp-json\/wp\/v2\/comments?post=3891"}],"version-history":[{"count":8,"href":"https:\/\/b2bconsulty.com\/de\/wp-json\/wp\/v2\/pages\/3891\/revisions"}],"predecessor-version":[{"id":9643,"href":"https:\/\/b2bconsulty.com\/de\/wp-json\/wp\/v2\/pages\/3891\/revisions\/9643"}],"wp:attachment":[{"href":"https:\/\/b2bconsulty.com\/de\/wp-json\/wp\/v2\/media?parent=3891"}],"curies":[{"name":"wp","href":"https:\/\/api.w.org\/{rel}","templated":true}]}}