{"id":3895,"date":"2024-08-26T14:26:58","date_gmt":"2024-08-26T10:26:58","guid":{"rendered":"https:\/\/b2bconsulty.com\/kontakt\/"},"modified":"2026-01-26T12:42:17","modified_gmt":"2026-01-26T08:42:17","slug":"kontakt","status":"publish","type":"page","link":"https:\/\/b2bconsulty.com\/de\/kontakt\/","title":{"rendered":"Kontakt"},"content":{"rendered":"\t\t<div data-elementor-type=\"wp-page\" data-elementor-id=\"3895\" class=\"elementor elementor-3895 elementor-461\">\n\t\t\t\t<div class=\"elementor-element elementor-element-1e926458 e-con-full e-grid e-con e-parent\" data-id=\"1e926458\" data-element_type=\"container\" data-e-type=\"container\">\n\t\t\t\t<div class=\"elementor-element elementor-element-42f28483 elementor-widget__width-inherit elementor-widget elementor-widget-html\" data-id=\"42f28483\" data-element_type=\"widget\" data-e-type=\"widget\" data-widget_type=\"html.default\">\n\t\t\t\t<div class=\"elementor-widget-container\">\n\t\t\t\t\t<div class=\"w-full \">\r\n<section\r\n    class=\"self-stretch flex flex-col items-center justify-between pt-0 px-0 pb-[110px] box-border\r\n    max-w-full text-left text-base text-general-white font-heading-1-72 lg:pb-[0px]\">\r\n    <div class=\"w-full flex flex-row items-start justify-start relative max-w-full ml-[10%] lg:ml-[0px]\">\r\n        <div class=\"h-[840px] w-full absolute !m-[0] top-[100px] right-[10%] bg-general-1-primary z-[2] lg:right-[0px] mq1170:hidden\">\r\n        <\/div>\r\n\r\n        <div class=\"flex-1 flex flex-col items-center justify-start pt-0 pb-[110px] box-border gap-10 bg-[url('\/wp-content\/themes\/vision-prime\/web\/public\/title2@3x.png')]\r\n         bg-cover bg-no-repeat bg-[top] max-w-full z-[3]\r\n         lg:px-[20px] lg:pb-[71px] lg:box-border mq450:pl-5 mq450:pr-5 mq450:pb-[46px]\r\n          mq450:box-border mq850:gap-10 mq850:box-border\">\r\n            <div class=\"w-full max-w-[1170px] ml-[calc(91%-100vw)] gap-6 flex flex-col items-center lg:ml-[0px]\">\r\n\r\n                <div class=\"w-full flex flex-row mb-[10px] mt-[0px]\">\r\n                    <div class=\"w-[50%] h-[120px] border-general-1-primary border-r border-solid \"><\/div>\r\n                    <div class=\"w-[50%] \"><\/div>\r\n                <\/div>\r\n                <div class=\"w-[1140px] ml-[-25px] flex flex-row items-start justify-center max-w-full text-center text-general-1-primary font-subtitles-16\">\r\n                    <div class=\"relative tracking-[0.4em] leading-[18px] uppercase font-medium\">\r\n                        Kontaktieren Sie uns\r\n                    <\/div>\r\n                <\/div>\r\n                <h1 class=\"m-0 animate-fadeInOut w-[1140px] relative text-53xl leading-[80px\r\n                 font-normal font-inherit text-center inline-block\r\n                 max-w-full mq450:text-24xl mq450:leading-[50px] mq850:text-39xl mq850:leading-[64px]\r\n                \">\r\n                    Kontaktieren Sie Unsere Berater f\u00fcr Firmengr\u00fcndung in Dubai\/VAE\r\n                <\/h1>\r\n\r\n                <div class=\"max-w-[900px] flex flex-row items-center justify-center w-full text-5xl font-button-dm-sans-16\">\r\n                    <div class=\"m-0 relative text-inherit text-center tracking-[-0.01em] leading-[36px] font-bold font-inherit mq450:text-lgi mq450:leading-[28px]\">\r\n                        Buchen Sie jetzt eine kostenlose Beratung mit einem unserer Spezialisten f\u00fcr Unternehmensgr\u00fcndung und erhalten Sie alle Informationen, die Sie ben\u00f6tigen, um Ihr eigenes Unternehmen in den VAE zu gr\u00fcnden.\r\n                    <\/div>\r\n                <\/div>\r\n<div class=\"w-full flex flex-row mt-[0px] absolute items-center justify-center min-h-[300px] bottom-[-300px] mq1170:px-[20px] mq1170:hidden\">\r\n    <div class=\"w-[1140px] flex flex-row leading-[24px]\">\r\n        <div class=\"w-[50%] pr-[20px]\">\r\n            <p><a href=\"https:\/\/b2bconsulty.com\/de\/\" title=\"Starting a business in Dubai\">Ein Unternehmen in Dubai zu gr\u00fcnden<\/a> kann eine Herausforderung sein mit vielen Vorschriften, Papierkram und administrativen Schritten. Es kann stressig und zeitaufwendig sein, dies alleine zu bew\u00e4ltigen.\r\n            <\/p>\r\n            <br\/>\r\n            <p>\r\n                Deshalb brauchen Sie erfahrene Berater f\u00fcr die Unternehmensgr\u00fcndung an Ihrer Seite. Bei <a href=\"https:\/\/b2bconsulty.com\/de\/\"><strong>B2B Consulty<\/strong><\/a>\r\n m\u00f6chten wir den gesamten Prozess so reibungslos wie m\u00f6glich gestalten.\r\n            <\/p>\r\n        <\/div>\r\n        <div class=\"w-[50%] \">\r\n            <p>Unser Team verf\u00fcgt \u00fcber mehr als ein Jahrzehnt Erfahrung in der Unternehmensberatung auf dem VAE-Markt. Wir bieten ein breites Leistungsspektrum von Firmengr\u00fcndung und Registrierung bis hin zu Lizenzierung, Visaverfahren und finanziellen L\u00f6sungen. Sorgf\u00e4ltig und effizient k\u00fcmmern wir uns um jeden Schritt, damit Sie sich auf das Wesentliche konzentrieren k\u00f6nnen \u2013 das Wachstum Ihres Unternehmens.\r\n            <\/p>\r\n        <\/div>\r\n    <\/div>\r\n<\/div>\r\n\r\n<\/div>\r\n<\/div>\r\n<\/div>\r\n\r\n<div class=\"w-full flex-row mt-[0px] relative hidden mq1170:flex\r\n bg-general-1-primary min-h-[300px] items-center justify-center z-10 min-h-[300px] mq1170:px-[20px]\">\r\n    <div class=\"w-[1140px] flex flex-row leading-[24px] gap-[40px] mq650:flex-col mq950:py-[30px]\">\r\n        <div class=\"w-[50%] mq650:w-full\">\r\n            <p>Ein Unternehmen in Dubai zu gr\u00fcnden kann eine Herausforderung sein mit vielen Vorschriften, Papierkram und administrativen Schritten. Es kann stressig und zeitaufwendig sein, dies alleine zu bew\u00e4ltigen.\r\n            <\/p>\r\n            <br>\r\n            <p>\r\n                Deshalb brauchen Sie erfahrene Berater f\u00fcr die Unternehmensgr\u00fcndung an Ihrer Seite. Bei B2B Consulty m\u00f6chten wir den gesamten Prozess so reibungslos wie m\u00f6glich gestalten.\r\n            <\/p>\r\n        <\/div>\r\n        <div class=\"w-[50%] pr-[20px] mq650:w-full\">\r\n            <p>Unser Team verf\u00fcgt \u00fcber mehr als ein Jahrzehnt Erfahrung in der Unternehmensberatung auf dem VAE-Markt. Wir bieten ein breites Leistungsspektrum von Firmengr\u00fcndung und Registrierung bis hin zu Lizenzierung, Visaverfahren und finanziellen L\u00f6sungen. Sorgf\u00e4ltig und effizient k\u00fcmmern wir uns um jeden Schritt, damit Sie sich auf das Wesentliche konzentrieren k\u00f6nnen \u2013 das Wachstum Ihres Unternehmens.\r\n            <\/p>\r\n        <\/div>\r\n    <\/div>\r\n<\/div>\r\n\r\n<\/section>\r\n<section\r\n    class=\"self-stretch flex flex-row items-center justify-start max-w-full text-left text-lg\r\n      text-general-8-secondary min-h-[355px] font-button-dm-sans-16 mt-[180px] mq1170:mt-[0px] mq1170:px-[20px] mq950:py-[39px]\"\r\n>\r\n    <div\r\n        class=\"w-full flex flex-col items-center justify-between py-0 pl-0 box-border max-w-full gap-5 mq1425:flex-wrap\"\r\n    >\r\n\r\n        <div\r\n            class=\"max-w-[1170px] flex flex-col items-start justify-start gap-[100px] w-full mq950:gap-[25px] mq1425:gap-[50px]\"\r\n        >\r\n            <div\r\n                class=\"self-stretch flex flex-row items-start justify-start gap-[30px] mq1425:flex-wrap\"\r\n            >\r\n                <div\r\n                    class=\"flex-1 flex flex-col items-start justify-start gap-4 mq950:min-w-[250px] mq650:min-w-[150px] max-w-[270px] mq950:max-w-[50%]\"\r\n                >\r\n                    <b class=\"relative leading-[24px] inline-block min-w-[75px]\"\r\n                    >Adresse<\/b\r\n                    >\r\n                    <div\r\n                        class=\"self-stretch relative text-sm leading-[24px] font-body-b3-merriweather-14 text-general-9-secondary-variant\"\r\n                    >\r\n                        B\u00fcro 105, Ebene 1, Emaar Square \u2013 Geb\u00e4ude 4, Sheikh\r\n                        Mohammed Bin Rashid Boulevard Downtown Dubai, Vereinigte Arabische\r\n                        Emirate\r\n                    <\/div>\r\n                <\/div>\r\n<div\r\n    class=\"flex-1 flex flex-col items-start justify-start gap-4 mq950:min-w-[250px] mq650:min-w-[150px] max-w-[270px] mq950:max-w-[50%] text-sm text-general-9-secondary-variant font-body-b3-merriweather-14\"\r\n>\r\n    <b\r\n        class=\"relative text-lg leading-[24px] inline-block font-button-dm-sans-16 text-general-8-secondary min-w-[55px]\"\r\n    >Telefon<\/b>\r\n\r\n    <div class=\"self-stretch relative leading-[24px]\">\r\n        <p class=\"m-0\">Gesch\u00e4ftsanfragen<\/p>\r\n        <p class=\"m-0\">+971 58 516 7702<\/p>\r\n    <\/div>\r\n<\/div>\r\n<div\r\n    class=\"flex-1 flex flex-col items-start justify-start gap-4 mq950:min-w-[250px] mq650:min-w-[150px] max-w-[270px] mq950:max-w-[50%]\"\r\n>\r\n    <b class=\"relative leading-[24px] inline-block min-w-[84px]\"\r\n    >Kontakt<\/b>\r\n    <div\r\n        class=\"self-stretch relative text-sm leading-[24px] font-body-b3-merriweather-14 text-general-1-primary\"\r\n    >\r\n        <p class=\"m-0\">info@b2bconsulty.com<\/p>\r\n    <\/div>\r\n<\/div>\r\n<div\r\n    class=\"flex-1 flex flex-col items-start justify-start gap-4 mq950:min-w-[250px] mq650:min-w-[150px] max-w-[270px] mq950:max-w-[50%]\"\r\n>\r\n    <b class=\"relative leading-[24px]\">\u00d6ffnungszeiten<\/b>\r\n    <div\r\n        class=\"self-stretch relative text-sm leading-[24px] font-body-b3-merriweather-14 text-general-9-secondary-variant\"\r\n    >\r\n        <p class=\"m-0\">Montag\u2013Freitag: 8:30\u201317:30<\/p>\r\n        <p class=\"m-0\">Samstag: 8:30\u201312:30<\/p>\r\n        <p class=\"m-0\">Sonntag: Geschlossen<\/p>\r\n    <\/div>\r\n<\/div>\r\n<\/div>\r\n\t\t\t<\/div>\r\n\t\t<\/div>\r\n\r\n\t<\/section>\r\n<\/div>\t\t\t\t<\/div>\n\t\t\t\t<\/div>\n\t\t\t\t<\/div>\n\t\t\t\t<\/div>\n\t\t","protected":false},"excerpt":{"rendered":"<p>Kontaktieren Sie uns Kontaktieren Sie Unsere Berater f\u00fcr Firmengr\u00fcndung in Dubai\/VAE Buchen Sie jetzt eine kostenlose Beratung mit einem unserer Spezialisten f\u00fcr Unternehmensgr\u00fcndung und erhalten Sie alle Informationen, die Sie ben\u00f6tigen, um Ihr eigenes Unternehmen in den VAE zu gr\u00fcnden. Ein Unternehmen in Dubai zu gr\u00fcnden kann eine Herausforderung sein mit vielen Vorschriften, Papierkram und<a href=\"https:\/\/b2bconsulty.com\/de\/kontakt\/\" class=\"more-link\"><span class=\"screen-reader-text\">Kontakt<\/span><\/a><\/p>\n","protected":false},"author":1,"featured_media":0,"parent":0,"menu_order":0,"comment_status":"closed","ping_status":"closed","template":"","meta":{"footnotes":""},"class_list":["post-3895","page","type-page","status-publish","hentry"],"yoast_head":"<!-- This site is optimized with the Yoast SEO Premium plugin v27.5 (Yoast SEO v27.5) - https:\/\/yoast.com\/product\/yoast-seo-premium-wordpress\/ -->\n<title>B2B Consulty | Unternehmensgr\u00fcndung in Dubai leicht gemacht<\/title>\n<meta name=\"description\" content=\"Vereinbaren Sie eine kostenlose Beratung mit unseren Spezialisten und erfahren Sie alles Wissenswerte \u00fcber die Unternehmensgr\u00fcndung in den VAE.\" \/>\n<meta name=\"robots\" content=\"index, follow, max-snippet:-1, max-image-preview:large, max-video-preview:-1\" \/>\n<link rel=\"canonical\" href=\"https:\/\/b2bconsulty.com\/de\/kontakt\/\" \/>\n<meta property=\"og:locale\" content=\"de_DE\" \/>\n<meta property=\"og:type\" content=\"article\" \/>\n<meta property=\"og:title\" content=\"Kontakt Business setup formation in Dubai\" \/>\n<meta property=\"og:description\" content=\"B2B Consulty is your trusted partner for UAE company formation, Free Zone or Mainland setup, bank account opening, and business support.\" \/>\n<meta property=\"og:url\" content=\"https:\/\/b2bconsulty.com\/de\/kontakt\/\" \/>\n<meta property=\"og:site_name\" content=\"B2B Consulting\" \/>\n<meta property=\"article:publisher\" content=\"https:\/\/www.facebook.com\/B2Bconsulty\" \/>\n<meta property=\"article:modified_time\" content=\"2026-01-26T08:42:17+00:00\" \/>\n<meta property=\"og:image\" content=\"https:\/\/b2bconsulty.com\/wp-content\/uploads\/2025\/12\/B2B_Consulting_1200x675.png\" \/>\n\t<meta property=\"og:image:width\" content=\"1200\" \/>\n\t<meta property=\"og:image:height\" content=\"675\" \/>\n\t<meta property=\"og:image:type\" content=\"image\/png\" \/>\n<meta name=\"twitter:card\" content=\"summary_large_image\" \/>\n<meta name=\"twitter:label1\" content=\"Gesch\u00e4tzte Lesezeit\" \/>\n\t<meta name=\"twitter:data1\" content=\"2\u00a0Minuten\" \/>\n<script type=\"application\/ld+json\" class=\"yoast-schema-graph\">{\"@context\":\"https:\\\/\\\/schema.org\",\"@graph\":[{\"@type\":\"WebPage\",\"@id\":\"https:\\\/\\\/b2bconsulty.com\\\/de\\\/kontakt\\\/\",\"url\":\"https:\\\/\\\/b2bconsulty.com\\\/de\\\/kontakt\\\/\",\"name\":\"B2B Consulty | Unternehmensgr\u00fcndung in Dubai leicht gemacht\",\"isPartOf\":{\"@id\":\"https:\\\/\\\/b2bconsulty.com\\\/de\\\/#website\"},\"datePublished\":\"2024-08-26T10:26:58+00:00\",\"dateModified\":\"2026-01-26T08:42:17+00:00\",\"description\":\"Vereinbaren Sie eine kostenlose Beratung mit unseren Spezialisten und erfahren Sie alles Wissenswerte \u00fcber die Unternehmensgr\u00fcndung in den VAE.\",\"breadcrumb\":{\"@id\":\"https:\\\/\\\/b2bconsulty.com\\\/de\\\/kontakt\\\/#breadcrumb\"},\"inLanguage\":\"de\",\"potentialAction\":[{\"@type\":\"ReadAction\",\"target\":[\"https:\\\/\\\/b2bconsulty.com\\\/de\\\/kontakt\\\/\"]}]},{\"@type\":\"BreadcrumbList\",\"@id\":\"https:\\\/\\\/b2bconsulty.com\\\/de\\\/kontakt\\\/#breadcrumb\",\"itemListElement\":[{\"@type\":\"ListItem\",\"position\":1,\"name\":\"Home\",\"item\":\"https:\\\/\\\/b2bconsulty.com\\\/de\\\/\"},{\"@type\":\"ListItem\",\"position\":2,\"name\":\"Kontakt\"}]},{\"@type\":\"WebSite\",\"@id\":\"https:\\\/\\\/b2bconsulty.com\\\/de\\\/#website\",\"url\":\"https:\\\/\\\/b2bconsulty.com\\\/de\\\/\",\"name\":\"B2B Consulting Dubai\",\"description\":\"Business Setup in Dubai Freezone\",\"publisher\":{\"@id\":\"https:\\\/\\\/b2bconsulty.com\\\/de\\\/#organization\"},\"alternateName\":\"B2B Consulting\",\"potentialAction\":[{\"@type\":\"SearchAction\",\"target\":{\"@type\":\"EntryPoint\",\"urlTemplate\":\"https:\\\/\\\/b2bconsulty.com\\\/de\\\/?s={search_term_string}\"},\"query-input\":{\"@type\":\"PropertyValueSpecification\",\"valueRequired\":true,\"valueName\":\"search_term_string\"}}],\"inLanguage\":\"de\"},{\"@type\":\"Organization\",\"@id\":\"https:\\\/\\\/b2bconsulty.com\\\/de\\\/#organization\",\"name\":\"B2B Consulting\",\"alternateName\":\"B2B Consulting\",\"url\":\"https:\\\/\\\/b2bconsulty.com\\\/de\\\/\",\"logo\":{\"@type\":\"ImageObject\",\"inLanguage\":\"de\",\"@id\":\"https:\\\/\\\/b2bconsulty.com\\\/de\\\/#\\\/schema\\\/logo\\\/image\\\/\",\"url\":\"https:\\\/\\\/b2bconsulty.com\\\/wp-content\\\/uploads\\\/2024\\\/11\\\/Frame-5-1.png\",\"contentUrl\":\"https:\\\/\\\/b2bconsulty.com\\\/wp-content\\\/uploads\\\/2024\\\/11\\\/Frame-5-1.png\",\"width\":728,\"height\":129,\"caption\":\"B2B Consulting\"},\"image\":{\"@id\":\"https:\\\/\\\/b2bconsulty.com\\\/de\\\/#\\\/schema\\\/logo\\\/image\\\/\"},\"sameAs\":[\"https:\\\/\\\/www.facebook.com\\\/B2Bconsulty\",\"https:\\\/\\\/www.linkedin.com\\\/in\\\/b2b-consulting\\\/\",\"https:\\\/\\\/www.instagram.com\\\/b2b_consulty\\\/\"],\"description\":\"Business set up in Dubai in a Free zone or in Mainland. Opening a bank account in Dubai. Accountancy services.\",\"email\":\"info@b2bconsulty.com\",\"telephone\":\"+971585167702\",\"legalName\":\"B2B Consulty Dubai\",\"foundingDate\":\"2024-08-01\",\"numberOfEmployees\":{\"@type\":\"QuantitativeValue\",\"minValue\":\"1\",\"maxValue\":\"10\"},\"publishingPrinciples\":\"https:\\\/\\\/b2bconsulty.com\\\/privacy-and-policy\\\/\"}]}<\/script>\n<!-- \/ Yoast SEO Premium plugin. -->","yoast_head_json":{"title":"B2B Consulty | Unternehmensgr\u00fcndung in Dubai leicht gemacht","description":"Vereinbaren Sie eine kostenlose Beratung mit unseren Spezialisten und erfahren Sie alles Wissenswerte \u00fcber die Unternehmensgr\u00fcndung in den VAE.","robots":{"index":"index","follow":"follow","max-snippet":"max-snippet:-1","max-image-preview":"max-image-preview:large","max-video-preview":"max-video-preview:-1"},"canonical":"https:\/\/b2bconsulty.com\/de\/kontakt\/","og_locale":"de_DE","og_type":"article","og_title":"Kontakt Business setup formation in Dubai","og_description":"B2B Consulty is your trusted partner for UAE company formation, Free Zone or Mainland setup, bank account opening, and business support.","og_url":"https:\/\/b2bconsulty.com\/de\/kontakt\/","og_site_name":"B2B Consulting","article_publisher":"https:\/\/www.facebook.com\/B2Bconsulty","article_modified_time":"2026-01-26T08:42:17+00:00","og_image":[{"width":1200,"height":675,"url":"https:\/\/b2bconsulty.com\/wp-content\/uploads\/2025\/12\/B2B_Consulting_1200x675.png","type":"image\/png"}],"twitter_card":"summary_large_image","twitter_misc":{"Gesch\u00e4tzte Lesezeit":"2\u00a0Minuten"},"schema":{"@context":"https:\/\/schema.org","@graph":[{"@type":"WebPage","@id":"https:\/\/b2bconsulty.com\/de\/kontakt\/","url":"https:\/\/b2bconsulty.com\/de\/kontakt\/","name":"B2B Consulty | Unternehmensgr\u00fcndung in Dubai leicht gemacht","isPartOf":{"@id":"https:\/\/b2bconsulty.com\/de\/#website"},"datePublished":"2024-08-26T10:26:58+00:00","dateModified":"2026-01-26T08:42:17+00:00","description":"Vereinbaren Sie eine kostenlose Beratung mit unseren Spezialisten und erfahren Sie alles Wissenswerte \u00fcber die Unternehmensgr\u00fcndung in den VAE.","breadcrumb":{"@id":"https:\/\/b2bconsulty.com\/de\/kontakt\/#breadcrumb"},"inLanguage":"de","potentialAction":[{"@type":"ReadAction","target":["https:\/\/b2bconsulty.com\/de\/kontakt\/"]}]},{"@type":"BreadcrumbList","@id":"https:\/\/b2bconsulty.com\/de\/kontakt\/#breadcrumb","itemListElement":[{"@type":"ListItem","position":1,"name":"Home","item":"https:\/\/b2bconsulty.com\/de\/"},{"@type":"ListItem","position":2,"name":"Kontakt"}]},{"@type":"WebSite","@id":"https:\/\/b2bconsulty.com\/de\/#website","url":"https:\/\/b2bconsulty.com\/de\/","name":"B2B Consulting Dubai","description":"Business Setup in Dubai Freezone","publisher":{"@id":"https:\/\/b2bconsulty.com\/de\/#organization"},"alternateName":"B2B Consulting","potentialAction":[{"@type":"SearchAction","target":{"@type":"EntryPoint","urlTemplate":"https:\/\/b2bconsulty.com\/de\/?s={search_term_string}"},"query-input":{"@type":"PropertyValueSpecification","valueRequired":true,"valueName":"search_term_string"}}],"inLanguage":"de"},{"@type":"Organization","@id":"https:\/\/b2bconsulty.com\/de\/#organization","name":"B2B Consulting","alternateName":"B2B Consulting","url":"https:\/\/b2bconsulty.com\/de\/","logo":{"@type":"ImageObject","inLanguage":"de","@id":"https:\/\/b2bconsulty.com\/de\/#\/schema\/logo\/image\/","url":"https:\/\/b2bconsulty.com\/wp-content\/uploads\/2024\/11\/Frame-5-1.png","contentUrl":"https:\/\/b2bconsulty.com\/wp-content\/uploads\/2024\/11\/Frame-5-1.png","width":728,"height":129,"caption":"B2B Consulting"},"image":{"@id":"https:\/\/b2bconsulty.com\/de\/#\/schema\/logo\/image\/"},"sameAs":["https:\/\/www.facebook.com\/B2Bconsulty","https:\/\/www.linkedin.com\/in\/b2b-consulting\/","https:\/\/www.instagram.com\/b2b_consulty\/"],"description":"Business set up in Dubai in a Free zone or in Mainland. Opening a bank account in Dubai. Accountancy services.","email":"info@b2bconsulty.com","telephone":"+971585167702","legalName":"B2B Consulty Dubai","foundingDate":"2024-08-01","numberOfEmployees":{"@type":"QuantitativeValue","minValue":"1","maxValue":"10"},"publishingPrinciples":"https:\/\/b2bconsulty.com\/privacy-and-policy\/"}]}},"_links":{"self":[{"href":"https:\/\/b2bconsulty.com\/de\/wp-json\/wp\/v2\/pages\/3895","targetHints":{"allow":["GET"]}}],"collection":[{"href":"https:\/\/b2bconsulty.com\/de\/wp-json\/wp\/v2\/pages"}],"about":[{"href":"https:\/\/b2bconsulty.com\/de\/wp-json\/wp\/v2\/types\/page"}],"author":[{"embeddable":true,"href":"https:\/\/b2bconsulty.com\/de\/wp-json\/wp\/v2\/users\/1"}],"replies":[{"embeddable":true,"href":"https:\/\/b2bconsulty.com\/de\/wp-json\/wp\/v2\/comments?post=3895"}],"version-history":[{"count":7,"href":"https:\/\/b2bconsulty.com\/de\/wp-json\/wp\/v2\/pages\/3895\/revisions"}],"predecessor-version":[{"id":9982,"href":"https:\/\/b2bconsulty.com\/de\/wp-json\/wp\/v2\/pages\/3895\/revisions\/9982"}],"wp:attachment":[{"href":"https:\/\/b2bconsulty.com\/de\/wp-json\/wp\/v2\/media?parent=3895"}],"curies":[{"name":"wp","href":"https:\/\/api.w.org\/{rel}","templated":true}]}}