{"id":6717,"date":"2024-08-26T14:26:58","date_gmt":"2024-08-26T10:26:58","guid":{"rendered":"https:\/\/b2bconsulty.com\/?page_id=6717"},"modified":"2026-01-28T14:49:50","modified_gmt":"2026-01-28T10:49:50","slug":"contacto","status":"publish","type":"page","link":"https:\/\/b2bconsulty.com\/es\/contacto\/","title":{"rendered":"Contacto"},"content":{"rendered":"\t\t<div data-elementor-type=\"wp-page\" data-elementor-id=\"6717\" class=\"elementor elementor-6717 elementor-461\">\n\t\t\t\t<div class=\"elementor-element elementor-element-1e926458 e-con-full e-grid e-con e-parent\" data-id=\"1e926458\" data-element_type=\"container\">\n\t\t\t\t<div class=\"elementor-element elementor-element-42f28483 elementor-widget__width-inherit elementor-widget elementor-widget-html\" data-id=\"42f28483\" data-element_type=\"widget\" data-widget_type=\"html.default\">\n\t\t\t\t<div class=\"elementor-widget-container\">\n\t\t\t\t\t<div class=\"w-full \">\r\n<section\r\n\t\t\t\tclass=\"self-stretch flex flex-col items-center justify-between pt-0 px-0 pb-[110px] box-border\r\n\t\t\t\tmax-w-full text-left text-base text-general-white font-heading-1-72 lg:pb-[0px]\">\r\n\t\t\t<div class=\"w-full flex flex-row items-start justify-start relative max-w-full ml-[10%] lg:ml-[0px]\">\r\n\t\t\t\t<div class=\"h-[840px] w-full absolute !m-[0] top-[100px] right-[10%] bg-general-1-primary z-[2] lg:right-[0px] mq1170:hidden\">\r\n\t\t\t\t<\/div>\r\n\r\n\t\t\t\t<div class=\"flex-1 flex flex-col items-center justify-start pt-0 pb-[110px] box-border gap-10 bg-[url('\/wp-content\/themes\/vision-prime\/web\/public\/title2@3x.png')]\r\n\t\t\t\t bg-cover bg-no-repeat bg-[top] max-w-full z-[3]\r\n\t\t\t\t lg:px-[20px] lg:pb-[71px] lg:box-border mq450:pl-5 mq450:pr-5 mq450:pb-[46px]\r\n\t\t\t\t  mq450:box-border mq850:gap-10 mq850:box-border\">\r\n\t\t\t\t\t<div class=\"w-full max-w-[1170px] ml-[calc(91%-100vw)] gap-6 flex flex-col items-center lg:ml-[0px]\">\r\n\r\n\r\n\t\t\t\t\t\t<div class=\"w-full flex flex-row mb-[10px] mt-[0px]\">\r\n\t\t\t\t\t\t\t<div class=\"w-[50%] h-[120px] border-general-1-primary border-r border-solid \"><\/div>\r\n\t\t\t\t\t\t\t<div class=\"w-[50%] \"><\/div>\r\n\t\t\t\t\t\t<\/div>\r\n\t\t\t\t\t\t<div class=\"w-[1140px] ml-[-25px] flex flex-row items-start justify-center max-w-full text-center text-general-1-primary font-subtitles-16\">\r\n\t\t\t\t\t\t\t<div class=\"relative tracking-[0.4em] leading-[18px] uppercase font-medium\">\r\n\t\t\t\t\t\t\t\tContacta con\r\n\t\t\t\t\t\t\t<\/div>\r\n\t\t\t\t\t\t<\/div>\r\n\t\t\t\t\t\t<h1 class=\"m-0 animate-fadeInOut w-[1140px] relative text-53xl leading-[80px\r\n\t\t\t\t\t\t font-normal font-inherit text-center inline-block\r\n\t\t\t\t\t\t max-w-full mq450:text-24xl mq450:leading-[50px] mq850:text-39xl mq850:leading-[64px]\r\n\r\n\r\n\">\r\n\t\t\t\t\t\t\tContacta con nuestros asesores para crear empresas en Dub\u00e1i \/ EAU\r\n\t\t\t\t\t\t<\/h1>\r\n\r\n\r\n\t\t\t\t\t\t<div class=\"max-w-[900px] flex flex-row items-center justify-center w-full text-5xl font-button-dm-sans-16\">\r\n\t\t\t\t\t\t\t<div class=\"m-0 relative text-inherit text-center tracking-[-0.01em] leading-[36px] font-bold font-inherit mq450:text-lgi mq450:leading-[28px]\">\r\n\t\t\t\t\t\t\t\tReserva una consulta gratuita con uno de nuestros especialistas en creaci\u00f3n de empresas y obt\u00e9n toda la informaci\u00f3n que necesitas para abrir tu propia empresa en los Emiratos \u00c1rabes Unidos.\r\n\r\n\r\n\t\t\t\t\t\t\t<\/div>\r\n\t\t\t\t\t\t<\/div>\r\n\r\n\t\t\t\t\t\t<div class=\"w-full flex flex-row  mt-[0px] absolute  items-center justify-center min-h-[300px] bottom-[-300px] mq1170:px-[20px] mq1170:hidden\">\r\n\t\t\t\t\t\t\t<div class=\"w-[1140px] flex flex-row leading-[24px]\">\r\n\t\t\t\t\t\t\t\t<div class=\"w-[50%] pr-[20px]\">\r\n\t\t\t\t\t\t\t\t\t<p><strong><a href=\"https:\/\/b2bconsulty.com\/es\/\" title=\"Starting a business in Dubai\">Empezar un negocio en Dub\u00e1i<\/a><\/strong> puede ser una tarea abrumadora debido a la cantidad de normativas, tr\u00e1mites y pasos administrativos que hay que cumplir. Afrontarlo solo puede ser estresante y llevar mucho tiempo.\r\n<\/p>\r\n<br\/>\r\n<p>\r\nPor eso necesitas contar con asesores expertos en creaci\u00f3n de empresas. \r\n<\/p>\r\n\r\n<\/div>\r\n<div class=\"w-[50%] \">\r\n<p>Nuestro equipo cuenta con m\u00e1s de una d\u00e9cada de experiencia en consultor\u00eda empresarial en el mercado de los Emiratos \u00c1rabes Unidos. Ofrecemos una amplia gama de servicios, desde la constituci\u00f3n y registro de empresas hasta licencias, gesti\u00f3n de visados y soluciones financieras. \r\n\t\t\t\t\t\t\t\t\t<\/p>\r\n\t\t\t\t\t\t\t\t<\/div>\r\n\t\t\t\t\t\t\t<\/div>\r\n\t\t\t\t\t\t<\/div>\r\n\r\n\t\t\t\t\t<\/div>\r\n\t\t\t\t<\/div>\r\n\t\t\t<\/div>\r\n\r\n\r\n\t\t\t<div class=\"w-full  flex-row  mt-[0px] relative hidden mq1170:flex\r\n\t\t\t bg-general-1-primary min-h-[300px] items-center justify-center z-10 min-h-[300px] mq1170:px-[20px]\">\r\n\t\t\t\t<div class=\"w-[1140px] flex flex-row leading-[24px] gap-[40px] mq650:flex-col mq950:py-[30px]\">\r\n\t\t\t\t\t<div class=\"w-[50%] mq650:w-full\">\r\n\t\t\t\t\t\t>Empezar un negocio en Dub\u00e1i<\/a><\/strong> puede ser una tarea abrumadora debido a la cantidad de normativas, tr\u00e1mites y pasos administrativos que hay que cumplir. Afrontarlo solo puede ser estresante y llevar mucho tiempo.\r\n<\/p>\r\n<br\/>\r\n<p>\r\nPor eso necesitas contar con asesores expertos en creaci\u00f3n de empresas. \r\n<\/p>\r\n\r\n<\/div>\r\n<div class=\"w-[50%] \">\r\n<p>Nuestro equipo cuenta con m\u00e1s de una d\u00e9cada de experiencia en consultor\u00eda empresarial en el mercado de los Emiratos \u00c1rabes Unidos. Ofrecemos una amplia gama de servicios, desde la constituci\u00f3n y registro de empresas hasta licencias, gesti\u00f3n de visados y soluciones financieras.\r\n\t\t\t\t\t<\/div>\r\n\t\t\t\t<\/div>\r\n\t\t\t<\/div>\r\n\r\n\t<\/section>\r\n\t<section\r\n\t\t\tclass=\"self-stretch flex flex-row items-center justify-start max-w-full text-left text-lg\r\n\t\t\t  text-general-8-secondary min-h-[355px] font-button-dm-sans-16 mt-[180px] mq1170:mt-[0px] mq1170:px-[20px] mq950:py-[39px]\"\r\n\t>\r\n\t\t<div\r\n\t\t\t\tclass=\"w-full flex flex-col items-center justify-between py-0 pl-0 box-border max-w-full gap-5 mq1425:flex-wrap\"\r\n\t\t>\r\n\r\n\t\t\t<div\r\n\t\t\t\t\tclass=\"max-w-[1170px] flex flex-col items-start justify-start gap-[100px] w-full mq950:gap-[25px] mq1425:gap-[50px]\"\r\n\t\t\t>\r\n\t\t\t\t<div\r\n\t\t\t\t\t\tclass=\"self-stretch flex flex-row items-start justify-start gap-[30px] mq1425:flex-wrap\"\r\n\t\t\t\t>\r\n\t\t\t\t\t<div\r\n\t\t\t\t\t\t\tclass=\"flex-1 flex flex-col items-start justify-start gap-4 mq950:min-w-[250px] mq650:min-w-[150px]    max-w-[270px]  mq950:max-w-[50%]\"\r\n\t\t\t\t\t>\r\n\t\t\t\t\t\t<b class=\"relative leading-[24px] inline-block min-w-[75px]\">Direcci\u00f3n<\/b>\r\n<div\r\n\t\tclass=\"self-stretch relative text-sm leading-[24px] font-body-b3-merriweather-14 text-general-9-secondary-variant\"\r\n>\r\n\tOficina 105, Nivel 1, Emaar Square \u2013 Edificio 4, Sheikh Mohammed Bin Rashid Boulevard, Downtown Dub\u00e1i, Emiratos \u00c1rabes Unidos\r\n<\/div>\r\n<\/div>\r\n<div\r\n\t\tclass=\"flex-1 flex flex-col items-start justify-start gap-4 mq950:min-w-[250px] mq650:min-w-[150px]    max-w-[270px]  mq950:max-w-[50%] text-sm text-general-9-secondary-variant font-body-b3-merriweather-14\"\r\n>\r\n\t<b\r\n\t\t\tclass=\"relative text-lg leading-[24px] inline-block font-button-dm-sans-16 text-general-8-secondary min-w-[55px]\"\r\n\t>Tel\u00e9fono<\/b>\r\n\r\n\t<div class=\"self-stretch relative leading-[24px]\">\r\n\t\t<p class=\"m-0\">Consultas empresariales<\/p>\r\n\t\t<p class=\"m-0\">+971 58 516 7702<\/p>\r\n\t<\/div>\r\n<\/div>\r\n<div\r\n\t\tclass=\"flex-1 flex flex-col items-start justify-start gap-4 mq950:min-w-[250px] mq650:min-w-[150px]     max-w-[270px]  mq950:max-w-[50%]\"\r\n>\r\n\t<b class=\"relative leading-[24px] inline-block min-w-[84px]\">Contactos<\/b>\r\n\t<div\r\n\t\t\tclass=\"self-stretch relative text-sm leading-[24px] font-body-b3-merriweather-14 text-general-1-primary\"\r\n\t>\r\n\t\t<p class=\"m-0\">info@b2bconsulty.com<\/p>\r\n\t<\/div>\r\n<\/div>\r\n<div\r\n\t\tclass=\"flex-1 flex flex-col items-start justify-start gap-4 mq950:min-w-[250px] mq650:min-w-[150px]     max-w-[270px]  mq950:max-w-[50%]\"\r\n>\r\n\t<b class=\"relative leading-[24px]\">Horario laboral<\/b>\r\n\t<div\r\n\t\t\tclass=\"self-stretch relative text-sm leading-[24px] font-body-b3-merriweather-14 text-general-9-secondary-variant\"\r\n\t>\r\n\t\t<p class=\"m-0\">Lunes a viernes: 8:30\u201317:30<\/p>\r\n\t\t<p class=\"m-0\">S\u00e1bado: 8:30\u201312:30<\/p>\r\n\t\t<p class=\"m-0\">Domingo: Cerrado<\/p>\r\n\r\n\t\t\t\t\t\t<\/div>\r\n\t\t\t\t\t<\/div>\r\n\t\t\t\t<\/div>\r\n\t\t\t<\/div>\r\n\t\t<\/div>\r\n\r\n\t<\/section>\r\n<\/div>\t\t\t\t<\/div>\n\t\t\t\t<\/div>\n\t\t\t\t<\/div>\n\t\t\t\t<\/div>\n\t\t","protected":false},"excerpt":{"rendered":"<p>Contacta con Contacta con nuestros asesores para crear empresas en Dub\u00e1i \/ EAU Reserva una consulta gratuita con uno de nuestros especialistas en creaci\u00f3n de empresas y obt\u00e9n toda la informaci\u00f3n que necesitas para abrir tu propia empresa en los Emiratos \u00c1rabes Unidos. Empezar un negocio en Dub\u00e1i puede ser una tarea abrumadora debido a<a href=\"https:\/\/b2bconsulty.com\/es\/contacto\/\" class=\"more-link\"><span class=\"screen-reader-text\">Contacto<\/span><\/a><\/p>\n","protected":false},"author":1,"featured_media":0,"parent":0,"menu_order":0,"comment_status":"closed","ping_status":"closed","template":"","meta":{"footnotes":""},"class_list":["post-6717","page","type-page","status-publish","hentry"],"yoast_head":"<!-- This site is optimized with the Yoast SEO Premium plugin v27.3 (Yoast SEO v27.3) - https:\/\/yoast.com\/product\/yoast-seo-premium-wordpress\/ -->\n<title>B2B Consulty | Asesor\u00eda para crear empresas en Dub\u00e1i | Contacto<\/title>\n<meta name=\"description\" content=\"Reserva una consulta gratuita con nuestros expertos y aprende c\u00f3mo montar tu empresa en los Emiratos \u00c1rabes Unidos.\" \/>\n<meta name=\"robots\" content=\"index, follow, max-snippet:-1, max-image-preview:large, max-video-preview:-1\" \/>\n<link rel=\"canonical\" href=\"https:\/\/b2bconsulty.com\/es\/contacto\/\" \/>\n<meta property=\"og:locale\" content=\"es_ES\" \/>\n<meta property=\"og:type\" content=\"article\" \/>\n<meta property=\"og:title\" content=\"Contacto Business setup formation in Dubai\" \/>\n<meta property=\"og:description\" content=\"B2B Consulty is your trusted partner for UAE company formation, Free Zone or Mainland setup, bank account opening, and business support.\" \/>\n<meta property=\"og:url\" content=\"https:\/\/b2bconsulty.com\/es\/contacto\/\" \/>\n<meta property=\"og:site_name\" content=\"B2B Consulting\" \/>\n<meta property=\"article:publisher\" content=\"https:\/\/www.facebook.com\/B2Bconsulty\" \/>\n<meta property=\"article:modified_time\" content=\"2026-01-28T10:49:50+00:00\" \/>\n<meta property=\"og:image\" content=\"https:\/\/b2bconsulty.com\/wp-content\/uploads\/2025\/12\/B2B_Consulting_1200x675.png\" \/>\n\t<meta property=\"og:image:width\" content=\"1200\" \/>\n\t<meta property=\"og:image:height\" content=\"675\" \/>\n\t<meta property=\"og:image:type\" content=\"image\/png\" \/>\n<meta name=\"twitter:card\" content=\"summary_large_image\" \/>\n<meta name=\"twitter:label1\" content=\"Tiempo de lectura\" \/>\n\t<meta name=\"twitter:data1\" content=\"2 minutos\" \/>\n<script type=\"application\/ld+json\" class=\"yoast-schema-graph\">{\"@context\":\"https:\\\/\\\/schema.org\",\"@graph\":[{\"@type\":\"WebPage\",\"@id\":\"https:\\\/\\\/b2bconsulty.com\\\/es\\\/contacto\\\/\",\"url\":\"https:\\\/\\\/b2bconsulty.com\\\/es\\\/contacto\\\/\",\"name\":\"B2B Consulty | Asesor\u00eda para crear empresas en Dub\u00e1i | Contacto\",\"isPartOf\":{\"@id\":\"https:\\\/\\\/b2bconsulty.com\\\/es\\\/#website\"},\"datePublished\":\"2024-08-26T10:26:58+00:00\",\"dateModified\":\"2026-01-28T10:49:50+00:00\",\"description\":\"Reserva una consulta gratuita con nuestros expertos y aprende c\u00f3mo montar tu empresa en los Emiratos \u00c1rabes Unidos.\",\"breadcrumb\":{\"@id\":\"https:\\\/\\\/b2bconsulty.com\\\/es\\\/contacto\\\/#breadcrumb\"},\"inLanguage\":\"es\",\"potentialAction\":[{\"@type\":\"ReadAction\",\"target\":[\"https:\\\/\\\/b2bconsulty.com\\\/es\\\/contacto\\\/\"]}]},{\"@type\":\"BreadcrumbList\",\"@id\":\"https:\\\/\\\/b2bconsulty.com\\\/es\\\/contacto\\\/#breadcrumb\",\"itemListElement\":[{\"@type\":\"ListItem\",\"position\":1,\"name\":\"Home\",\"item\":\"https:\\\/\\\/b2bconsulty.com\\\/es\\\/\"},{\"@type\":\"ListItem\",\"position\":2,\"name\":\"Contacto\"}]},{\"@type\":\"WebSite\",\"@id\":\"https:\\\/\\\/b2bconsulty.com\\\/es\\\/#website\",\"url\":\"https:\\\/\\\/b2bconsulty.com\\\/es\\\/\",\"name\":\"B2B Consulting Dubai\",\"description\":\"Business Setup in Dubai Freezone\",\"publisher\":{\"@id\":\"https:\\\/\\\/b2bconsulty.com\\\/es\\\/#organization\"},\"alternateName\":\"B2B Consulting\",\"potentialAction\":[{\"@type\":\"SearchAction\",\"target\":{\"@type\":\"EntryPoint\",\"urlTemplate\":\"https:\\\/\\\/b2bconsulty.com\\\/es\\\/?s={search_term_string}\"},\"query-input\":{\"@type\":\"PropertyValueSpecification\",\"valueRequired\":true,\"valueName\":\"search_term_string\"}}],\"inLanguage\":\"es\"},{\"@type\":\"Organization\",\"@id\":\"https:\\\/\\\/b2bconsulty.com\\\/es\\\/#organization\",\"name\":\"B2B Consulting\",\"alternateName\":\"B2B Consulting\",\"url\":\"https:\\\/\\\/b2bconsulty.com\\\/es\\\/\",\"logo\":{\"@type\":\"ImageObject\",\"inLanguage\":\"es\",\"@id\":\"https:\\\/\\\/b2bconsulty.com\\\/es\\\/#\\\/schema\\\/logo\\\/image\\\/\",\"url\":\"https:\\\/\\\/b2bconsulty.com\\\/wp-content\\\/uploads\\\/2024\\\/11\\\/Frame-5-1.png\",\"contentUrl\":\"https:\\\/\\\/b2bconsulty.com\\\/wp-content\\\/uploads\\\/2024\\\/11\\\/Frame-5-1.png\",\"width\":728,\"height\":129,\"caption\":\"B2B Consulting\"},\"image\":{\"@id\":\"https:\\\/\\\/b2bconsulty.com\\\/es\\\/#\\\/schema\\\/logo\\\/image\\\/\"},\"sameAs\":[\"https:\\\/\\\/www.facebook.com\\\/B2Bconsulty\",\"https:\\\/\\\/www.linkedin.com\\\/in\\\/b2b-consulting\\\/\",\"https:\\\/\\\/www.instagram.com\\\/b2b_consulty\\\/\"],\"description\":\"Business set up in Dubai in a Free zone or in Mainland. Opening a bank account in Dubai. Accountancy services.\",\"email\":\"info@b2bconsulty.com\",\"telephone\":\"+971585167702\",\"legalName\":\"B2B Consulty Dubai\",\"foundingDate\":\"2024-08-01\",\"numberOfEmployees\":{\"@type\":\"QuantitativeValue\",\"minValue\":\"1\",\"maxValue\":\"10\"},\"publishingPrinciples\":\"https:\\\/\\\/b2bconsulty.com\\\/privacy-and-policy\\\/\"}]}<\/script>\n<!-- \/ Yoast SEO Premium plugin. -->","yoast_head_json":{"title":"B2B Consulty | Asesor\u00eda para crear empresas en Dub\u00e1i | Contacto","description":"Reserva una consulta gratuita con nuestros expertos y aprende c\u00f3mo montar tu empresa en los Emiratos \u00c1rabes Unidos.","robots":{"index":"index","follow":"follow","max-snippet":"max-snippet:-1","max-image-preview":"max-image-preview:large","max-video-preview":"max-video-preview:-1"},"canonical":"https:\/\/b2bconsulty.com\/es\/contacto\/","og_locale":"es_ES","og_type":"article","og_title":"Contacto Business setup formation in Dubai","og_description":"B2B Consulty is your trusted partner for UAE company formation, Free Zone or Mainland setup, bank account opening, and business support.","og_url":"https:\/\/b2bconsulty.com\/es\/contacto\/","og_site_name":"B2B Consulting","article_publisher":"https:\/\/www.facebook.com\/B2Bconsulty","article_modified_time":"2026-01-28T10:49:50+00:00","og_image":[{"width":1200,"height":675,"url":"https:\/\/b2bconsulty.com\/wp-content\/uploads\/2025\/12\/B2B_Consulting_1200x675.png","type":"image\/png"}],"twitter_card":"summary_large_image","twitter_misc":{"Tiempo de lectura":"2 minutos"},"schema":{"@context":"https:\/\/schema.org","@graph":[{"@type":"WebPage","@id":"https:\/\/b2bconsulty.com\/es\/contacto\/","url":"https:\/\/b2bconsulty.com\/es\/contacto\/","name":"B2B Consulty | Asesor\u00eda para crear empresas en Dub\u00e1i | Contacto","isPartOf":{"@id":"https:\/\/b2bconsulty.com\/es\/#website"},"datePublished":"2024-08-26T10:26:58+00:00","dateModified":"2026-01-28T10:49:50+00:00","description":"Reserva una consulta gratuita con nuestros expertos y aprende c\u00f3mo montar tu empresa en los Emiratos \u00c1rabes Unidos.","breadcrumb":{"@id":"https:\/\/b2bconsulty.com\/es\/contacto\/#breadcrumb"},"inLanguage":"es","potentialAction":[{"@type":"ReadAction","target":["https:\/\/b2bconsulty.com\/es\/contacto\/"]}]},{"@type":"BreadcrumbList","@id":"https:\/\/b2bconsulty.com\/es\/contacto\/#breadcrumb","itemListElement":[{"@type":"ListItem","position":1,"name":"Home","item":"https:\/\/b2bconsulty.com\/es\/"},{"@type":"ListItem","position":2,"name":"Contacto"}]},{"@type":"WebSite","@id":"https:\/\/b2bconsulty.com\/es\/#website","url":"https:\/\/b2bconsulty.com\/es\/","name":"B2B Consulting Dubai","description":"Business Setup in Dubai Freezone","publisher":{"@id":"https:\/\/b2bconsulty.com\/es\/#organization"},"alternateName":"B2B Consulting","potentialAction":[{"@type":"SearchAction","target":{"@type":"EntryPoint","urlTemplate":"https:\/\/b2bconsulty.com\/es\/?s={search_term_string}"},"query-input":{"@type":"PropertyValueSpecification","valueRequired":true,"valueName":"search_term_string"}}],"inLanguage":"es"},{"@type":"Organization","@id":"https:\/\/b2bconsulty.com\/es\/#organization","name":"B2B Consulting","alternateName":"B2B Consulting","url":"https:\/\/b2bconsulty.com\/es\/","logo":{"@type":"ImageObject","inLanguage":"es","@id":"https:\/\/b2bconsulty.com\/es\/#\/schema\/logo\/image\/","url":"https:\/\/b2bconsulty.com\/wp-content\/uploads\/2024\/11\/Frame-5-1.png","contentUrl":"https:\/\/b2bconsulty.com\/wp-content\/uploads\/2024\/11\/Frame-5-1.png","width":728,"height":129,"caption":"B2B Consulting"},"image":{"@id":"https:\/\/b2bconsulty.com\/es\/#\/schema\/logo\/image\/"},"sameAs":["https:\/\/www.facebook.com\/B2Bconsulty","https:\/\/www.linkedin.com\/in\/b2b-consulting\/","https:\/\/www.instagram.com\/b2b_consulty\/"],"description":"Business set up in Dubai in a Free zone or in Mainland. Opening a bank account in Dubai. Accountancy services.","email":"info@b2bconsulty.com","telephone":"+971585167702","legalName":"B2B Consulty Dubai","foundingDate":"2024-08-01","numberOfEmployees":{"@type":"QuantitativeValue","minValue":"1","maxValue":"10"},"publishingPrinciples":"https:\/\/b2bconsulty.com\/privacy-and-policy\/"}]}},"_links":{"self":[{"href":"https:\/\/b2bconsulty.com\/es\/wp-json\/wp\/v2\/pages\/6717","targetHints":{"allow":["GET"]}}],"collection":[{"href":"https:\/\/b2bconsulty.com\/es\/wp-json\/wp\/v2\/pages"}],"about":[{"href":"https:\/\/b2bconsulty.com\/es\/wp-json\/wp\/v2\/types\/page"}],"author":[{"embeddable":true,"href":"https:\/\/b2bconsulty.com\/es\/wp-json\/wp\/v2\/users\/1"}],"replies":[{"embeddable":true,"href":"https:\/\/b2bconsulty.com\/es\/wp-json\/wp\/v2\/comments?post=6717"}],"version-history":[{"count":10,"href":"https:\/\/b2bconsulty.com\/es\/wp-json\/wp\/v2\/pages\/6717\/revisions"}],"predecessor-version":[{"id":10310,"href":"https:\/\/b2bconsulty.com\/es\/wp-json\/wp\/v2\/pages\/6717\/revisions\/10310"}],"wp:attachment":[{"href":"https:\/\/b2bconsulty.com\/es\/wp-json\/wp\/v2\/media?parent=6717"}],"curies":[{"name":"wp","href":"https:\/\/api.w.org\/{rel}","templated":true}]}}