{"id":5348,"date":"2024-12-19T06:12:54","date_gmt":"2024-12-19T02:12:54","guid":{"rendered":"https:\/\/b2bconsulty.com\/confidentialite\/"},"modified":"2026-01-26T21:45:06","modified_gmt":"2026-01-26T17:45:06","slug":"politique-de-confidentialite","status":"publish","type":"page","link":"https:\/\/b2bconsulty.com\/fr\/politique-de-confidentialite\/","title":{"rendered":"Confidentialit\u00e9"},"content":{"rendered":"\t\t<div data-elementor-type=\"wp-page\" data-elementor-id=\"5348\" class=\"elementor elementor-5348 elementor-1812\">\n\t\t\t\t<div class=\"elementor-element elementor-element-5c74e577 e-con-full stm-rt mr-[100%] e-flex e-con e-parent\" data-id=\"5c74e577\" data-element_type=\"container\" data-e-type=\"container\" data-settings=\"{&quot;background_background&quot;:&quot;classic&quot;}\">\n\t\t<div class=\"elementor-element elementor-element-4e307c41 e-con-full e-flex e-con e-child\" data-id=\"4e307c41\" data-element_type=\"container\" data-e-type=\"container\">\n\t\t\t\t<div class=\"elementor-element elementor-element-4c464c97 elementor-widget elementor-widget-image\" data-id=\"4c464c97\" data-element_type=\"widget\" data-e-type=\"widget\" data-widget_type=\"image.default\">\n\t\t\t\t<div class=\"elementor-widget-container\">\n\t\t\t\t\t<img decoding=\"async\" src=\"https:\/\/b2bconsulty.com\/wp-content\/uploads\/2024\/12\/ff5494c7a56f5de589f7b69f591c1ca7.svg\" title=\"\" alt=\"Confidentialit\u00e9\" loading=\"lazy\">\t\t\t\t\t\t\t\t\t\t\t\t\t\t\t<\/div>\n\t\t\t\t<\/div>\n\t\t\t\t<div class=\"elementor-element elementor-element-2fb08225 elementor-widget__width-inherit elementor-widget elementor-widget-heading\" data-id=\"2fb08225\" data-element_type=\"widget\" data-e-type=\"widget\" data-widget_type=\"heading.default\">\n\t\t\t\t<div class=\"elementor-widget-container\">\n\t\t\t\t\t<h1 class=\"elementor-heading-title elementor-size-default\">Politique de \u0421onfidentialit\u00e9<\/h1>\t\t\t\t<\/div>\n\t\t\t\t<\/div>\n\t\t\t\t<\/div>\n\t\t<div class=\"elementor-element elementor-element-61f97e0c e-con-full e-flex e-con e-child\" data-id=\"61f97e0c\" data-element_type=\"container\" data-e-type=\"container\" data-settings=\"{&quot;background_background&quot;:&quot;classic&quot;}\">\n\t\t<div class=\"elementor-element elementor-element-632960be e-con-full e-flex e-con e-child\" data-id=\"632960be\" data-element_type=\"container\" data-e-type=\"container\">\n\t\t<div class=\"elementor-element elementor-element-5187eb0f e-con-full e-flex e-con e-child\" data-id=\"5187eb0f\" data-element_type=\"container\" data-e-type=\"container\">\n\t\t\t\t<div class=\"elementor-element elementor-element-4342710a elementor-widget__width-initial elementor-widget elementor-widget-text-editor\" data-id=\"4342710a\" data-element_type=\"widget\" data-e-type=\"widget\" data-widget_type=\"text-editor.default\">\n\t\t\t\t<div class=\"elementor-widget-container\">\n\t\t\t\t\t\t\t\t\t<p data-pm-slice=\"1 1 []\"><strong>Date d\u2019entr\u00e9e en vigueur :<\/strong> 01.12.2024<\/p><p>Bienvenue chez <strong><a href=\"https:\/\/b2bconsulty.com\/fr\/\">B2B Consulty<\/a><\/strong>. Nous nous engageons \u00e0 prot\u00e9ger votre vie priv\u00e9e et \u00e0 garantir que vos informations personnelles soient trait\u00e9es de mani\u00e8re s\u00e9curis\u00e9e et responsable. Cette politique de confidentialit\u00e9 d\u00e9crit comment nous collectons, utilisons, divulguons et prot\u00e9geons vos informations lorsque vous visitez notre site web, b2bconsulty.com, ou utilisez nos services.<\/p><div>\u00a0<\/div><h2><strong>1. Informations que nous collectons<\/strong><\/h2><p>Nous pouvons collecter des informations personnelles directement aupr\u00e8s de vous ou via votre interaction avec notre site web, y compris, sans s&rsquo;y limiter :<\/p><ul class=\"list-disc ml-5\" data-spread=\"false\"><li>Nom, adresse e-mail et coordonn\u00e9es.<\/li><li>Nom de l\u2019entreprise et poste occup\u00e9.<\/li><li>Informations de facturation et de paiement.<\/li><li>Toutes autres informations que vous fournissez volontairement via des formulaires ou demandes.<\/li><\/ul><p>Nous collectons \u00e9galement des donn\u00e9es non personnelles telles que :<\/p><ul class=\"list-disc ml-5\" data-spread=\"false\"><li>Adresse IP, type de navigateur et informations sur l\u2019appareil.<\/li><li>Donn\u00e9es d\u2019utilisation et analyses pour am\u00e9liorer notre site web et nos services.<\/li><\/ul><div>\u00a0<\/div><h2><strong>2. Comment nous utilisons vos informations<\/strong><\/h2><p>Nous utilisons les informations collect\u00e9es pour :<\/p><ul class=\"list-disc ml-5\" data-spread=\"false\"><li>Fournir, exploiter et maintenir nos services.<\/li><li>Traiter les transactions et envoyer des confirmations.<\/li><li>R\u00e9pondre \u00e0 vos demandes et assurer le support client.<\/li><li>Vous envoyer des communications marketing, mises \u00e0 jour et contenus promotionnels.<\/li><li>Am\u00e9liorer notre site web, nos services et l\u2019exp\u00e9rience utilisateur.<\/li><\/ul><div>\u00a0<\/div><h2><strong>3. Partage de vos informations<\/strong><\/h2><p>Nous ne vendons, n\u2019\u00e9changeons ni ne louons vos informations personnelles \u00e0 des tiers. Cependant, nous pouvons partager vos informations avec :<\/p><ul class=\"list-disc ml-5\" data-spread=\"false\"><li>Des prestataires de services tiers de confiance qui nous assistent dans la fourniture de nos services.<\/li><li>Les autorit\u00e9s l\u00e9gales, si requis par la loi ou pour prot\u00e9ger nos droits et respecter les proc\u00e9dures l\u00e9gales.<\/li><\/ul><div>\u00a0<\/div><h2><strong>4. S\u00e9curit\u00e9 des donn\u00e9es<\/strong><\/h2><p>Nous mettons en \u0153uvre des mesures techniques et organisationnelles appropri\u00e9es pour prot\u00e9ger vos donn\u00e9es personnelles contre tout acc\u00e8s, divulgation ou utilisation non autoris\u00e9s. Bien que nous nous efforcions de prot\u00e9ger vos informations par des moyens commercialement acceptables, nous ne pouvons garantir leur s\u00e9curit\u00e9 absolue.<\/p><div>\u00a0<\/div><h2><strong>5. Cookies et technologies de suivi<\/strong><\/h2><p>Notre site web utilise des cookies et des technologies similaires pour am\u00e9liorer l\u2019exp\u00e9rience utilisateur et analyser les performances du site. Vous pouvez contr\u00f4ler vos pr\u00e9f\u00e9rences en mati\u00e8re de cookies via les param\u00e8tres de votre navigateur. Pour plus de d\u00e9tails, veuillez consulter notre <a>Politique relative aux cookies<\/a>.<\/p><div>\u00a0<\/div><h2><strong>6. Vos droits<\/strong><\/h2><p>Vous avez le droit de :<\/p><ul class=\"list-disc ml-5\" data-spread=\"false\"><li>Acc\u00e9der \u00e0 vos donn\u00e9es personnelles et les consulter.<\/li><li>Demander la correction ou la mise \u00e0 jour de vos informations.<\/li><li>Demander la suppression de vos donn\u00e9es, sous r\u00e9serve d\u2019obligations l\u00e9gales et contractuelles.<\/li><li>Vous d\u00e9sinscrire des communications marketing en nous contactant.<\/li><\/ul><div>\u00a0<\/div><h2><strong>7. Transferts internationaux de donn\u00e9es<\/strong><\/h2><p>Comme B2B Consulty op\u00e8re \u00e0 l\u2019\u00e9chelle mondiale, vos informations peuvent \u00eatre transf\u00e9r\u00e9es et trait\u00e9es dans des pays autres que celui de votre r\u00e9sidence. Nous veillons \u00e0 ce que ces transferts respectent les lois applicables en mati\u00e8re de protection des donn\u00e9es.<\/p><div>\u00a0<\/div><h2><strong>8. Liens vers des sites tiers<\/strong><\/h2><p>Notre site peut contenir des liens vers des sites web tiers. Nous ne sommes pas responsables des pratiques de confidentialit\u00e9 de ces sites externes et vous encourageons \u00e0 consulter leurs politiques de confidentialit\u00e9.<\/p><div>\u00a0<\/div><h2><strong>9. Modifications de cette politique de confidentialit\u00e9<\/strong><\/h2><p>Nous pouvons mettre \u00e0 jour cette politique de confidentialit\u00e9 de temps \u00e0 autre. La version la plus r\u00e9cente sera publi\u00e9e sur notre site web avec la date d\u2019entr\u00e9e en vigueur mise \u00e0 jour. Veuillez la consulter r\u00e9guli\u00e8rement afin de rester inform\u00e9 sur la mani\u00e8re dont nous prot\u00e9geons vos donn\u00e9es.<\/p><div>\u00a0<\/div><h2><strong>10. Nous contacter<\/strong><\/h2><p>Si vous avez des questions ou des pr\u00e9occupations concernant cette politique de confidentialit\u00e9 ou nos pratiques en mati\u00e8re de donn\u00e9es, veuillez nous contacter \u00e0 l\u2019adresse suivante :<\/p><p><strong>B2B Consulty<\/strong><\/p><p>Bureau 105, Niveau 1, Emaar Square \u2013 B\u00e2timent 4<br \/>Sheikh Mohammed Bin Rashid Boulevard<br \/>Downtown Duba\u00ef, \u00c9mirats Arabes Unis<br \/>Email : <a href=\"mailto:info@b2bconsulty.com\"><span style=\"text-decoration: underline;\">info@b2bconsulty.com<\/span><\/a><br \/>T\u00e9l\u00e9phone : <a href=\"tel:+971585167702\"><span style=\"text-decoration: underline;\">+971 58 516 7702<\/span><\/a><\/p><div>\u00a0<\/div><div>Merci de faire confiance \u00e0 B2B Consulty pour la protection de vos informations personnelles. Votre vie priv\u00e9e est notre priorit\u00e9.<\/div>\t\t\t\t\t\t\t\t<\/div>\n\t\t\t\t<\/div>\n\t\t\t\t<\/div>\n\t\t\t\t<\/div>\n\t\t\t\t<\/div>\n\t\t\t\t<\/div>\n\t\t\t\t<\/div>\n\t\t","protected":false},"excerpt":{"rendered":"<p>Politique de \u0421onfidentialit\u00e9 Date d\u2019entr\u00e9e en vigueur : 01.12.2024 Bienvenue chez B2B Consulty. Nous nous engageons \u00e0 prot\u00e9ger votre vie priv\u00e9e et \u00e0 garantir que vos informations personnelles soient trait\u00e9es de mani\u00e8re s\u00e9curis\u00e9e et responsable. Cette politique de confidentialit\u00e9 d\u00e9crit comment nous collectons, utilisons, divulguons et prot\u00e9geons vos informations lorsque vous visitez notre site web,<a href=\"https:\/\/b2bconsulty.com\/fr\/politique-de-confidentialite\/\" class=\"more-link\"><span class=\"screen-reader-text\">Confidentialit\u00e9<\/span><\/a><\/p>\n","protected":false},"author":1,"featured_media":0,"parent":0,"menu_order":0,"comment_status":"closed","ping_status":"closed","template":"","meta":{"footnotes":""},"class_list":["post-5348","page","type-page","status-publish","hentry"],"yoast_head":"<!-- This site is optimized with the Yoast SEO Premium plugin v27.4 (Yoast SEO v27.4) - https:\/\/yoast.com\/product\/yoast-seo-premium-wordpress\/ -->\n<title>Politique de confidentialit\u00e9 | B2B Consulty et vos donn\u00e9es<\/title>\n<meta name=\"description\" content=\"D\u00e9couvrez comment B2B Consulty prot\u00e8ge vos donn\u00e9es personnelles. Notre politique d\u00e9taille la collecte, l\u2019utilisation et la s\u00e9curit\u00e9 des informations.\" \/>\n<meta name=\"robots\" content=\"index, follow, max-snippet:-1, max-image-preview:large, max-video-preview:-1\" \/>\n<link rel=\"canonical\" href=\"https:\/\/b2bconsulty.com\/fr\/politique-de-confidentialite\/\" \/>\n<meta property=\"og:locale\" content=\"fr_FR\" \/>\n<meta property=\"og:type\" content=\"article\" \/>\n<meta property=\"og:title\" content=\"Confidentialit\u00e9 Business setup formation in Dubai\" \/>\n<meta property=\"og:description\" content=\"B2B Consulty is your trusted partner for UAE company formation, Free Zone or Mainland setup, bank account opening, and business support.\" \/>\n<meta property=\"og:url\" content=\"https:\/\/b2bconsulty.com\/fr\/politique-de-confidentialite\/\" \/>\n<meta property=\"og:site_name\" content=\"B2B Consulting\" \/>\n<meta property=\"article:publisher\" content=\"https:\/\/www.facebook.com\/B2Bconsulty\" \/>\n<meta property=\"article:modified_time\" content=\"2026-01-26T17:45:06+00:00\" \/>\n<meta property=\"og:image\" content=\"https:\/\/b2bconsulty.com\/wp-content\/uploads\/2024\/12\/ff5494c7a56f5de589f7b69f591c1ca7.svg\" \/>\n<meta name=\"twitter:card\" content=\"summary_large_image\" \/>\n<meta name=\"twitter:label1\" content=\"Dur\u00e9e de lecture estim\u00e9e\" \/>\n\t<meta name=\"twitter:data1\" content=\"4 minutes\" \/>\n<script type=\"application\/ld+json\" class=\"yoast-schema-graph\">{\"@context\":\"https:\\\/\\\/schema.org\",\"@graph\":[{\"@type\":\"WebPage\",\"@id\":\"https:\\\/\\\/b2bconsulty.com\\\/fr\\\/politique-de-confidentialite\\\/\",\"url\":\"https:\\\/\\\/b2bconsulty.com\\\/fr\\\/politique-de-confidentialite\\\/\",\"name\":\"Politique de confidentialit\u00e9 | B2B Consulty et vos donn\u00e9es\",\"isPartOf\":{\"@id\":\"https:\\\/\\\/b2bconsulty.com\\\/fr\\\/#website\"},\"primaryImageOfPage\":{\"@id\":\"https:\\\/\\\/b2bconsulty.com\\\/fr\\\/politique-de-confidentialite\\\/#primaryimage\"},\"image\":{\"@id\":\"https:\\\/\\\/b2bconsulty.com\\\/fr\\\/politique-de-confidentialite\\\/#primaryimage\"},\"thumbnailUrl\":\"https:\\\/\\\/b2bconsulty.com\\\/wp-content\\\/uploads\\\/2024\\\/12\\\/ff5494c7a56f5de589f7b69f591c1ca7.svg\",\"datePublished\":\"2024-12-19T02:12:54+00:00\",\"dateModified\":\"2026-01-26T17:45:06+00:00\",\"description\":\"D\u00e9couvrez comment B2B Consulty prot\u00e8ge vos donn\u00e9es personnelles. Notre politique d\u00e9taille la collecte, l\u2019utilisation et la s\u00e9curit\u00e9 des informations.\",\"breadcrumb\":{\"@id\":\"https:\\\/\\\/b2bconsulty.com\\\/fr\\\/politique-de-confidentialite\\\/#breadcrumb\"},\"inLanguage\":\"fr-FR\",\"potentialAction\":[{\"@type\":\"ReadAction\",\"target\":[\"https:\\\/\\\/b2bconsulty.com\\\/fr\\\/politique-de-confidentialite\\\/\"]}]},{\"@type\":\"ImageObject\",\"inLanguage\":\"fr-FR\",\"@id\":\"https:\\\/\\\/b2bconsulty.com\\\/fr\\\/politique-de-confidentialite\\\/#primaryimage\",\"url\":\"https:\\\/\\\/b2bconsulty.com\\\/wp-content\\\/uploads\\\/2024\\\/12\\\/ff5494c7a56f5de589f7b69f591c1ca7.svg\",\"contentUrl\":\"https:\\\/\\\/b2bconsulty.com\\\/wp-content\\\/uploads\\\/2024\\\/12\\\/ff5494c7a56f5de589f7b69f591c1ca7.svg\"},{\"@type\":\"BreadcrumbList\",\"@id\":\"https:\\\/\\\/b2bconsulty.com\\\/fr\\\/politique-de-confidentialite\\\/#breadcrumb\",\"itemListElement\":[{\"@type\":\"ListItem\",\"position\":1,\"name\":\"Home\",\"item\":\"https:\\\/\\\/b2bconsulty.com\\\/fr\\\/\"},{\"@type\":\"ListItem\",\"position\":2,\"name\":\"Confidentialit\u00e9\"}]},{\"@type\":\"WebSite\",\"@id\":\"https:\\\/\\\/b2bconsulty.com\\\/fr\\\/#website\",\"url\":\"https:\\\/\\\/b2bconsulty.com\\\/fr\\\/\",\"name\":\"B2B Consulting Dubai\",\"description\":\"Business Setup in Dubai Freezone\",\"publisher\":{\"@id\":\"https:\\\/\\\/b2bconsulty.com\\\/fr\\\/#organization\"},\"alternateName\":\"B2B Consulting\",\"potentialAction\":[{\"@type\":\"SearchAction\",\"target\":{\"@type\":\"EntryPoint\",\"urlTemplate\":\"https:\\\/\\\/b2bconsulty.com\\\/fr\\\/?s={search_term_string}\"},\"query-input\":{\"@type\":\"PropertyValueSpecification\",\"valueRequired\":true,\"valueName\":\"search_term_string\"}}],\"inLanguage\":\"fr-FR\"},{\"@type\":\"Organization\",\"@id\":\"https:\\\/\\\/b2bconsulty.com\\\/fr\\\/#organization\",\"name\":\"B2B Consulting\",\"alternateName\":\"B2B Consulting\",\"url\":\"https:\\\/\\\/b2bconsulty.com\\\/fr\\\/\",\"logo\":{\"@type\":\"ImageObject\",\"inLanguage\":\"fr-FR\",\"@id\":\"https:\\\/\\\/b2bconsulty.com\\\/fr\\\/#\\\/schema\\\/logo\\\/image\\\/\",\"url\":\"https:\\\/\\\/b2bconsulty.com\\\/wp-content\\\/uploads\\\/2024\\\/11\\\/Frame-5-1.png\",\"contentUrl\":\"https:\\\/\\\/b2bconsulty.com\\\/wp-content\\\/uploads\\\/2024\\\/11\\\/Frame-5-1.png\",\"width\":728,\"height\":129,\"caption\":\"B2B Consulting\"},\"image\":{\"@id\":\"https:\\\/\\\/b2bconsulty.com\\\/fr\\\/#\\\/schema\\\/logo\\\/image\\\/\"},\"sameAs\":[\"https:\\\/\\\/www.facebook.com\\\/B2Bconsulty\",\"https:\\\/\\\/www.linkedin.com\\\/in\\\/b2b-consulting\\\/\",\"https:\\\/\\\/www.instagram.com\\\/b2b_consulty\\\/\"],\"description\":\"Business set up in Dubai in a Free zone or in Mainland. Opening a bank account in Dubai. Accountancy services.\",\"email\":\"info@b2bconsulty.com\",\"telephone\":\"+971585167702\",\"legalName\":\"B2B Consulty Dubai\",\"foundingDate\":\"2024-08-01\",\"numberOfEmployees\":{\"@type\":\"QuantitativeValue\",\"minValue\":\"1\",\"maxValue\":\"10\"},\"publishingPrinciples\":\"https:\\\/\\\/b2bconsulty.com\\\/privacy-and-policy\\\/\"}]}<\/script>\n<!-- \/ Yoast SEO Premium plugin. -->","yoast_head_json":{"title":"Politique de confidentialit\u00e9 | B2B Consulty et vos donn\u00e9es","description":"D\u00e9couvrez comment B2B Consulty prot\u00e8ge vos donn\u00e9es personnelles. Notre politique d\u00e9taille la collecte, l\u2019utilisation et la s\u00e9curit\u00e9 des informations.","robots":{"index":"index","follow":"follow","max-snippet":"max-snippet:-1","max-image-preview":"max-image-preview:large","max-video-preview":"max-video-preview:-1"},"canonical":"https:\/\/b2bconsulty.com\/fr\/politique-de-confidentialite\/","og_locale":"fr_FR","og_type":"article","og_title":"Confidentialit\u00e9 Business setup formation in Dubai","og_description":"B2B Consulty is your trusted partner for UAE company formation, Free Zone or Mainland setup, bank account opening, and business support.","og_url":"https:\/\/b2bconsulty.com\/fr\/politique-de-confidentialite\/","og_site_name":"B2B Consulting","article_publisher":"https:\/\/www.facebook.com\/B2Bconsulty","article_modified_time":"2026-01-26T17:45:06+00:00","og_image":[{"url":"https:\/\/b2bconsulty.com\/wp-content\/uploads\/2024\/12\/ff5494c7a56f5de589f7b69f591c1ca7.svg","type":"","width":"","height":""}],"twitter_card":"summary_large_image","twitter_misc":{"Dur\u00e9e de lecture estim\u00e9e":"4 minutes"},"schema":{"@context":"https:\/\/schema.org","@graph":[{"@type":"WebPage","@id":"https:\/\/b2bconsulty.com\/fr\/politique-de-confidentialite\/","url":"https:\/\/b2bconsulty.com\/fr\/politique-de-confidentialite\/","name":"Politique de confidentialit\u00e9 | B2B Consulty et vos donn\u00e9es","isPartOf":{"@id":"https:\/\/b2bconsulty.com\/fr\/#website"},"primaryImageOfPage":{"@id":"https:\/\/b2bconsulty.com\/fr\/politique-de-confidentialite\/#primaryimage"},"image":{"@id":"https:\/\/b2bconsulty.com\/fr\/politique-de-confidentialite\/#primaryimage"},"thumbnailUrl":"https:\/\/b2bconsulty.com\/wp-content\/uploads\/2024\/12\/ff5494c7a56f5de589f7b69f591c1ca7.svg","datePublished":"2024-12-19T02:12:54+00:00","dateModified":"2026-01-26T17:45:06+00:00","description":"D\u00e9couvrez comment B2B Consulty prot\u00e8ge vos donn\u00e9es personnelles. Notre politique d\u00e9taille la collecte, l\u2019utilisation et la s\u00e9curit\u00e9 des informations.","breadcrumb":{"@id":"https:\/\/b2bconsulty.com\/fr\/politique-de-confidentialite\/#breadcrumb"},"inLanguage":"fr-FR","potentialAction":[{"@type":"ReadAction","target":["https:\/\/b2bconsulty.com\/fr\/politique-de-confidentialite\/"]}]},{"@type":"ImageObject","inLanguage":"fr-FR","@id":"https:\/\/b2bconsulty.com\/fr\/politique-de-confidentialite\/#primaryimage","url":"https:\/\/b2bconsulty.com\/wp-content\/uploads\/2024\/12\/ff5494c7a56f5de589f7b69f591c1ca7.svg","contentUrl":"https:\/\/b2bconsulty.com\/wp-content\/uploads\/2024\/12\/ff5494c7a56f5de589f7b69f591c1ca7.svg"},{"@type":"BreadcrumbList","@id":"https:\/\/b2bconsulty.com\/fr\/politique-de-confidentialite\/#breadcrumb","itemListElement":[{"@type":"ListItem","position":1,"name":"Home","item":"https:\/\/b2bconsulty.com\/fr\/"},{"@type":"ListItem","position":2,"name":"Confidentialit\u00e9"}]},{"@type":"WebSite","@id":"https:\/\/b2bconsulty.com\/fr\/#website","url":"https:\/\/b2bconsulty.com\/fr\/","name":"B2B Consulting Dubai","description":"Business Setup in Dubai Freezone","publisher":{"@id":"https:\/\/b2bconsulty.com\/fr\/#organization"},"alternateName":"B2B Consulting","potentialAction":[{"@type":"SearchAction","target":{"@type":"EntryPoint","urlTemplate":"https:\/\/b2bconsulty.com\/fr\/?s={search_term_string}"},"query-input":{"@type":"PropertyValueSpecification","valueRequired":true,"valueName":"search_term_string"}}],"inLanguage":"fr-FR"},{"@type":"Organization","@id":"https:\/\/b2bconsulty.com\/fr\/#organization","name":"B2B Consulting","alternateName":"B2B Consulting","url":"https:\/\/b2bconsulty.com\/fr\/","logo":{"@type":"ImageObject","inLanguage":"fr-FR","@id":"https:\/\/b2bconsulty.com\/fr\/#\/schema\/logo\/image\/","url":"https:\/\/b2bconsulty.com\/wp-content\/uploads\/2024\/11\/Frame-5-1.png","contentUrl":"https:\/\/b2bconsulty.com\/wp-content\/uploads\/2024\/11\/Frame-5-1.png","width":728,"height":129,"caption":"B2B Consulting"},"image":{"@id":"https:\/\/b2bconsulty.com\/fr\/#\/schema\/logo\/image\/"},"sameAs":["https:\/\/www.facebook.com\/B2Bconsulty","https:\/\/www.linkedin.com\/in\/b2b-consulting\/","https:\/\/www.instagram.com\/b2b_consulty\/"],"description":"Business set up in Dubai in a Free zone or in Mainland. Opening a bank account in Dubai. Accountancy services.","email":"info@b2bconsulty.com","telephone":"+971585167702","legalName":"B2B Consulty Dubai","foundingDate":"2024-08-01","numberOfEmployees":{"@type":"QuantitativeValue","minValue":"1","maxValue":"10"},"publishingPrinciples":"https:\/\/b2bconsulty.com\/privacy-and-policy\/"}]}},"_links":{"self":[{"href":"https:\/\/b2bconsulty.com\/fr\/wp-json\/wp\/v2\/pages\/5348","targetHints":{"allow":["GET"]}}],"collection":[{"href":"https:\/\/b2bconsulty.com\/fr\/wp-json\/wp\/v2\/pages"}],"about":[{"href":"https:\/\/b2bconsulty.com\/fr\/wp-json\/wp\/v2\/types\/page"}],"author":[{"embeddable":true,"href":"https:\/\/b2bconsulty.com\/fr\/wp-json\/wp\/v2\/users\/1"}],"replies":[{"embeddable":true,"href":"https:\/\/b2bconsulty.com\/fr\/wp-json\/wp\/v2\/comments?post=5348"}],"version-history":[{"count":7,"href":"https:\/\/b2bconsulty.com\/fr\/wp-json\/wp\/v2\/pages\/5348\/revisions"}],"predecessor-version":[{"id":10096,"href":"https:\/\/b2bconsulty.com\/fr\/wp-json\/wp\/v2\/pages\/5348\/revisions\/10096"}],"wp:attachment":[{"href":"https:\/\/b2bconsulty.com\/fr\/wp-json\/wp\/v2\/media?parent=5348"}],"curies":[{"name":"wp","href":"https:\/\/api.w.org\/{rel}","templated":true}]}}