{"id":5615,"date":"2024-08-26T14:26:58","date_gmt":"2024-08-26T10:26:58","guid":{"rendered":"https:\/\/b2bconsulty.com\/?page_id=5615"},"modified":"2026-01-28T13:58:08","modified_gmt":"2026-01-28T09:58:08","slug":"contatto","status":"publish","type":"page","link":"https:\/\/b2bconsulty.com\/it\/contatto\/","title":{"rendered":"Contatta"},"content":{"rendered":"\t\t<div data-elementor-type=\"wp-page\" data-elementor-id=\"5615\" class=\"elementor elementor-5615 elementor-461\">\n\t\t\t\t<div class=\"elementor-element elementor-element-1e926458 e-con-full e-grid e-con e-parent\" data-id=\"1e926458\" data-element_type=\"container\" data-e-type=\"container\">\n\t\t\t\t<div class=\"elementor-element elementor-element-42f28483 elementor-widget__width-inherit elementor-widget elementor-widget-html\" data-id=\"42f28483\" data-element_type=\"widget\" data-e-type=\"widget\" data-widget_type=\"html.default\">\n\t\t\t\t<div class=\"elementor-widget-container\">\n\t\t\t\t\t<div class=\"w-full \">\r\n<section\r\n\t\t\t\tclass=\"self-stretch flex flex-col items-center justify-between pt-0 px-0 pb-[110px] box-border\r\n\t\t\t\tmax-w-full text-left text-base text-general-white font-heading-1-72 lg:pb-[0px]\">\r\n\t\t\t<div class=\"w-full flex flex-row items-start justify-start relative max-w-full ml-[10%] lg:ml-[0px]\">\r\n\t\t\t\t<div class=\"h-[840px] w-full absolute !m-[0] top-[100px] right-[10%] bg-general-1-primary z-[2] lg:right-[0px] mq1170:hidden\">\r\n\t\t\t\t<\/div>\r\n\r\n\t\t\t\t<div class=\"flex-1 flex flex-col items-center justify-start pt-0 pb-[110px] box-border gap-10 bg-[url('\/wp-content\/themes\/vision-prime\/web\/public\/title2@3x.png')]\r\n\t\t\t\t bg-cover bg-no-repeat bg-[top] max-w-full z-[3]\r\n\t\t\t\t lg:px-[20px] lg:pb-[71px] lg:box-border mq450:pl-5 mq450:pr-5 mq450:pb-[46px]\r\n\t\t\t\t  mq450:box-border mq850:gap-10 mq850:box-border\">\r\n\t\t\t\t\t<div class=\"w-full max-w-[1170px] ml-[calc(91%-100vw)] gap-6 flex flex-col items-center lg:ml-[0px]\">\r\n\r\n\r\n\t\t\t\t\t\t<div class=\"w-full flex flex-row mb-[10px] mt-[0px]\">\r\n\t\t\t\t\t\t\t<div class=\"w-[50%] h-[120px] border-general-1-primary border-r border-solid \"><\/div>\r\n\t\t\t\t\t\t\t<div class=\"w-[50%] \"><\/div>\r\n\t\t\t\t\t\t<\/div>\r\n\t\t\t\t\t\t<div class=\"w-[1140px] ml-[-25px] flex flex-row items-start justify-center max-w-full text-center text-general-1-primary font-subtitles-16\">\r\n\t\t\t\t\t\t\t<div class=\"relative tracking-[0.4em] leading-[18px] uppercase font-medium\">\r\n\t\t\t\t\t\t\t\tContattaci\r\n\t\t\t\t\t\t\t<\/div>\r\n\t\t\t\t\t\t<\/div>\r\n\t\t\t\t\t\t<h1 class=\"m-0 animate-fadeInOut w-[1140px] relative text-53xl leading-[80px\r\n\t\t\t\t\t\t font-normal font-inherit text-center inline-block\r\n\t\t\t\t\t\t max-w-full mq450:text-24xl mq450:leading-[50px] mq850:text-39xl mq850:leading-[64px]\r\n\r\n\r\n\">\r\n\t\t\t\t\t\tParla con i Nostri Consulenti per Aprire la Tua Societ\u00e0 a Dubai\/UAE\r\n\t\t\t\t\t\t<\/h1>\r\n\r\n\r\n\t\t\t\t\t\t<div class=\"max-w-[900px] flex flex-row items-center justify-center w-full text-5xl font-button-dm-sans-16\">\r\n\t\t\t\t\t\t\t<div class=\"m-0 relative text-inherit text-center tracking-[-0.01em] leading-[36px] font-bold font-inherit mq450:text-lgi mq450:leading-[28px]\">\r\n\t\t\t\t\t\t\t\tPrenota una consulenza gratuita con uno dei nostri specialisti nella costituzione di societ\u00e0 e ricevi tutte le informazioni su come avviare la tua attivit\u00e0 negli Emirati Arabi Uniti.\r\n\t\t\t\t\t\t\t<\/div>\r\n\t\t\t\t\t\t<\/div>\r\n\r\n\t\t\t\t\t\t<div class=\"w-full flex flex-row  mt-[0px] absolute  items-center justify-center min-h-[300px] bottom-[-300px] mq1170:px-[20px] mq1170:hidden\">\r\n\t\t\t\t\t\t\t<div class=\"w-[1140px] flex flex-row leading-[24px]\">\r\n\t\t\t\t\t\t\t\t<div class=\"w-[50%] pr-[20px]\">\r\n\t<p><strong><a href=\"https:\/\/b2bconsulty.com\/it\/\" title=\"Aprire una societ\u00e0 a Dubai\">Aprire una societ\u00e0 a Dubai<\/a><\/strong> pu\u00f2 sembrare un compito complesso a causa delle numerose normative, procedure amministrative e documentazione richiesta. Affrontarlo da soli pu\u00f2 essere stressante e richiedere molto tempo.\r\n\t<\/p>\r\n\r\n\t\t\t\t\t\t\t\t\t<br\/>\r\n\t\t\t\t\t\t\t\t\t<p>\r\n\t\tEcco perch\u00e9 \u00e8 fondamentale affidarsi a consulenti esperti nella costituzione di societ\u00e0. Qui da B2B Consulty, ci impegniamo a rendere l\u2019intero processo il pi\u00f9 semplice possibile.\r\n\t<\/p>\r\n\r\n<\/div>\r\n<div class=\"w-[50%] \">\r\n\t<p>Il nostro team vanta oltre dieci anni di esperienza nella consulenza aziendale nel mercato degli Emirati Arabi Uniti. Offriamo un'ampia gamma di servizi: dalla costituzione e registrazione di societ\u00e0, alla gestione delle licenze, dei visti e delle soluzioni finanziarie. Seguiamo ogni fase con cura ed efficienza, cos\u00ec potrai concentrarti su ci\u00f2 che conta davvero: far crescere la tua attivit\u00e0.\r\n\t<\/p>\r\n\r\n\t\t\t\t\t\t\t\t<\/div>\r\n\t\t\t\t\t\t\t<\/div>\r\n\t\t\t\t\t\t<\/div>\r\n\r\n\t\t\t\t\t<\/div>\r\n\t\t\t\t<\/div>\r\n\t\t\t<\/div>\r\n\r\n\r\n\t\t\t<div class=\"w-full  flex-row  mt-[0px] relative hidden mq1170:flex\r\n\t\t\t bg-general-1-primary min-h-[300px] items-center justify-center z-10 min-h-[300px] mq1170:px-[20px]\">\r\n\t\t\t\t<div class=\"w-[1140px] flex flex-row leading-[24px] gap-[40px] mq650:flex-col mq950:py-[30px]\">\r\n\t\t\t\t\t<div class=\"w-[50%] mq650:w-full\">\r\n\t\t\t\t\t\t<p>Aprire una societ\u00e0 a Dubai pu\u00f2 sembrare un compito complesso a causa delle numerose normative, della documentazione e delle procedure amministrative da affrontare. Gestirlo da soli pu\u00f2 risultare stressante e richiedere molto tempo.\r\n<\/p>\r\n<br>\r\n<p>\r\n\tEcco perch\u00e9 \u00e8 fondamentale affidarsi a consulenti esperti nella costituzione di societ\u00e0. Qui da B2B Consulty, ci impegniamo a rendere l\u2019intero processo il pi\u00f9 semplice possibile.\r\n<\/p>\r\n\r\n<\/div>\r\n<div class=\"w-[50%] pr-[20px] mq650:w-full\">\r\n\t<p>Il nostro team vanta oltre dieci anni di esperienza nella consulenza aziendale nel mercato degli Emirati Arabi Uniti. Offriamo un'ampia gamma di servizi: dalla costituzione e registrazione di societ\u00e0, alla gestione delle licenze, dei visti e delle soluzioni finanziarie. Seguiamo ogni fase con cura ed efficienza, cos\u00ec potrai concentrarti su ci\u00f2 che conta davvero: far crescere la tua attivit\u00e0.\r\n\t<\/p>\r\n\r\n\t\t\t\t\t<\/div>\r\n\t\t\t\t<\/div>\r\n\t\t\t<\/div>\r\n\r\n\t<\/section>\r\n\t<section\r\n\t\t\tclass=\"self-stretch flex flex-row items-center justify-start max-w-full text-left text-lg\r\n\t\t\t  text-general-8-secondary min-h-[355px] font-button-dm-sans-16 mt-[180px] mq1170:mt-[0px] mq1170:px-[20px] mq950:py-[39px]\"\r\n\t>\r\n\t\t<div\r\n\t\t\t\tclass=\"w-full flex flex-col items-center justify-between py-0 pl-0 box-border max-w-full gap-5 mq1425:flex-wrap\"\r\n\t\t>\r\n\r\n\t\t\t<div\r\n\t\t\t\t\tclass=\"max-w-[1170px] flex flex-col items-start justify-start gap-[100px] w-full mq950:gap-[25px] mq1425:gap-[50px]\"\r\n\t\t\t>\r\n\t\t\t\t<div\r\n\t\t\t\t\t\tclass=\"self-stretch flex flex-row items-start justify-start gap-[30px] mq1425:flex-wrap\"\r\n\t\t\t\t>\r\n\t\t\t\t\t<div\r\n\t\t\t\t\t\t\tclass=\"flex-1 flex flex-col items-start justify-start gap-4 mq950:min-w-[250px] mq650:min-w-[150px]    max-w-[270px]  mq950:max-w-[50%]\"\r\n\t\t\t\t\t>\r\n\t\t\t\t\t\t<b class=\"relative leading-[24px] inline-block min-w-[75px]\">\r\n\tIndirizzo\r\n<\/b>\r\n<div\r\n\tclass=\"self-stretch relative text-sm leading-[24px] font-body-b3-merriweather-14 text-general-9-secondary-variant\"\r\n>\r\n\tUfficio 105, Livello 1, Emaar Square \u2013 Edificio 4, Sheikh Mohammed Bin Rashid Boulevard, Downtown Dubai, Emirati Arabi Uniti\r\n<\/div>\r\n<\/div>\r\n<div\r\n\tclass=\"flex-1 flex flex-col items-start justify-start gap-4 mq950:min-w-[250px] mq650:min-w-[150px] max-w-[270px] mq950:max-w-[50%] text-sm text-general-9-secondary-variant font-body-b3-merriweather-14\"\r\n>\r\n\t<b\r\n\t\tclass=\"relative text-lg leading-[24px] inline-block font-button-dm-sans-16 text-general-8-secondary min-w-[55px]\"\r\n\t>\r\n\t\tTelefono\r\n\t<\/b>\r\n\r\n\t<div class=\"self-stretch relative leading-[24px]\">\r\n\t\t<p class=\"m-0\">Richieste commerciali<\/p>\r\n\t\t<p class=\"m-0\">+971 58 516 7702<\/p>\r\n\t<\/div>\r\n<\/div>\r\n<div\r\n\tclass=\"flex-1 flex flex-col items-start justify-start gap-4 mq950:min-w-[250px] mq650:min-w-[150px] max-w-[270px] mq950:max-w-[50%]\"\r\n>\r\n\t<b class=\"relative leading-[24px] inline-block min-w-[84px]\">\r\n\t\tContatti\r\n\t<\/b>\r\n\t<div\r\n\t\tclass=\"self-stretch relative text-sm leading-[24px] font-body-b3-merriweather-14 text-general-1-primary\"\r\n\t>\r\n\t\t<p class=\"m-0\">info@b2bconsulty.com<\/p>\r\n\t<\/div>\r\n<\/div>\r\n<div\r\n\tclass=\"flex-1 flex flex-col items-start justify-start gap-4 mq950:min-w-[250px] mq650:min-w-[150px] max-w-[270px] mq950:max-w-[50%]\"\r\n>\r\n\t<b class=\"relative leading-[24px]\">Orari di apertura<\/b>\r\n\t<div\r\n\t\tclass=\"self-stretch relative text-sm leading-[24px] font-body-b3-merriweather-14 text-general-9-secondary-variant\"\r\n\t>\r\n\t\t<p class=\"m-0\">Luned\u00ec\u2013Venerd\u00ec: 8:30\u201317:30<\/p>\r\n\t\t<p class=\"m-0\">Sabato: 8:30\u201312:30<\/p>\r\n\t\t<p class=\"m-0\">Domenica: Chiuso<\/p>\r\n\t<\/div>\r\n\r\n\t\t\t\t\t<\/div>\r\n\t\t\t\t<\/div>\r\n\t\t\t<\/div>\r\n\t\t<\/div>\r\n\r\n\t<\/section>\r\n<\/div>\t\t\t\t<\/div>\n\t\t\t\t<\/div>\n\t\t\t\t<\/div>\n\t\t\t\t<\/div>\n\t\t","protected":false},"excerpt":{"rendered":"<p>Contattaci Parla con i Nostri Consulenti per Aprire la Tua Societ\u00e0 a Dubai\/UAE Prenota una consulenza gratuita con uno dei nostri specialisti nella costituzione di societ\u00e0 e ricevi tutte le informazioni su come avviare la tua attivit\u00e0 negli Emirati Arabi Uniti. Aprire una societ\u00e0 a Dubai pu\u00f2 sembrare un compito complesso a causa delle numerose<a href=\"https:\/\/b2bconsulty.com\/it\/contatto\/\" class=\"more-link\"><span class=\"screen-reader-text\">Contatta<\/span><\/a><\/p>\n","protected":false},"author":1,"featured_media":0,"parent":0,"menu_order":0,"comment_status":"closed","ping_status":"closed","template":"","meta":{"footnotes":""},"class_list":["post-5615","page","type-page","status-publish","hentry"],"yoast_head":"<!-- This site is optimized with the Yoast SEO Premium plugin v27.5 (Yoast SEO v27.5) - https:\/\/yoast.com\/product\/yoast-seo-premium-wordpress\/ -->\n<title>Contatta B2B Consulty | Apri una societ\u00e0 a Dubai<\/title>\n<meta name=\"description\" content=\"Prenota una consulenza gratuita con i nostri esperti fiscali e scopri tutti i vantaggi esclusivi di aprire una societ\u00e0 a Dubai senza tasse.\" \/>\n<meta name=\"robots\" content=\"index, follow, max-snippet:-1, max-image-preview:large, max-video-preview:-1\" \/>\n<link rel=\"canonical\" href=\"https:\/\/b2bconsulty.com\/it\/contatto\/\" \/>\n<meta property=\"og:locale\" content=\"it_IT\" \/>\n<meta property=\"og:type\" content=\"article\" \/>\n<meta property=\"og:title\" content=\"Contatta Business setup formation in Dubai\" \/>\n<meta property=\"og:description\" content=\"B2B Consulty is your trusted partner for UAE company formation, Free Zone or Mainland setup, bank account opening, and business support.\" \/>\n<meta property=\"og:url\" content=\"https:\/\/b2bconsulty.com\/it\/contatto\/\" \/>\n<meta property=\"og:site_name\" content=\"B2B Consulting\" \/>\n<meta property=\"article:publisher\" content=\"https:\/\/www.facebook.com\/B2Bconsulty\" \/>\n<meta property=\"article:modified_time\" content=\"2026-01-28T09:58:08+00:00\" \/>\n<meta property=\"og:image\" content=\"https:\/\/b2bconsulty.com\/wp-content\/uploads\/2025\/12\/B2B_Consulting_1200x675.png\" \/>\n\t<meta property=\"og:image:width\" content=\"1200\" \/>\n\t<meta property=\"og:image:height\" content=\"675\" \/>\n\t<meta property=\"og:image:type\" content=\"image\/png\" \/>\n<meta name=\"twitter:card\" content=\"summary_large_image\" \/>\n<meta name=\"twitter:label1\" content=\"Tempo di lettura stimato\" \/>\n\t<meta name=\"twitter:data1\" content=\"2 minuti\" \/>\n<script type=\"application\/ld+json\" class=\"yoast-schema-graph\">{\"@context\":\"https:\\\/\\\/schema.org\",\"@graph\":[{\"@type\":\"WebPage\",\"@id\":\"https:\\\/\\\/b2bconsulty.com\\\/it\\\/contatto\\\/\",\"url\":\"https:\\\/\\\/b2bconsulty.com\\\/it\\\/contatto\\\/\",\"name\":\"Contatta B2B Consulty | Apri una societ\u00e0 a Dubai\",\"isPartOf\":{\"@id\":\"https:\\\/\\\/b2bconsulty.com\\\/it\\\/#website\"},\"datePublished\":\"2024-08-26T10:26:58+00:00\",\"dateModified\":\"2026-01-28T09:58:08+00:00\",\"description\":\"Prenota una consulenza gratuita con i nostri esperti fiscali e scopri tutti i vantaggi esclusivi di aprire una societ\u00e0 a Dubai senza tasse.\",\"breadcrumb\":{\"@id\":\"https:\\\/\\\/b2bconsulty.com\\\/it\\\/contatto\\\/#breadcrumb\"},\"inLanguage\":\"it-IT\",\"potentialAction\":[{\"@type\":\"ReadAction\",\"target\":[\"https:\\\/\\\/b2bconsulty.com\\\/it\\\/contatto\\\/\"]}]},{\"@type\":\"BreadcrumbList\",\"@id\":\"https:\\\/\\\/b2bconsulty.com\\\/it\\\/contatto\\\/#breadcrumb\",\"itemListElement\":[{\"@type\":\"ListItem\",\"position\":1,\"name\":\"Home\",\"item\":\"https:\\\/\\\/b2bconsulty.com\\\/it\\\/\"},{\"@type\":\"ListItem\",\"position\":2,\"name\":\"Contatta\"}]},{\"@type\":\"WebSite\",\"@id\":\"https:\\\/\\\/b2bconsulty.com\\\/it\\\/#website\",\"url\":\"https:\\\/\\\/b2bconsulty.com\\\/it\\\/\",\"name\":\"B2B Consulting Dubai\",\"description\":\"Business Setup in Dubai Freezone\",\"publisher\":{\"@id\":\"https:\\\/\\\/b2bconsulty.com\\\/it\\\/#organization\"},\"alternateName\":\"B2B Consulting\",\"potentialAction\":[{\"@type\":\"SearchAction\",\"target\":{\"@type\":\"EntryPoint\",\"urlTemplate\":\"https:\\\/\\\/b2bconsulty.com\\\/it\\\/?s={search_term_string}\"},\"query-input\":{\"@type\":\"PropertyValueSpecification\",\"valueRequired\":true,\"valueName\":\"search_term_string\"}}],\"inLanguage\":\"it-IT\"},{\"@type\":\"Organization\",\"@id\":\"https:\\\/\\\/b2bconsulty.com\\\/it\\\/#organization\",\"name\":\"B2B Consulting\",\"alternateName\":\"B2B Consulting\",\"url\":\"https:\\\/\\\/b2bconsulty.com\\\/it\\\/\",\"logo\":{\"@type\":\"ImageObject\",\"inLanguage\":\"it-IT\",\"@id\":\"https:\\\/\\\/b2bconsulty.com\\\/it\\\/#\\\/schema\\\/logo\\\/image\\\/\",\"url\":\"https:\\\/\\\/b2bconsulty.com\\\/wp-content\\\/uploads\\\/2024\\\/11\\\/Frame-5-1.png\",\"contentUrl\":\"https:\\\/\\\/b2bconsulty.com\\\/wp-content\\\/uploads\\\/2024\\\/11\\\/Frame-5-1.png\",\"width\":728,\"height\":129,\"caption\":\"B2B Consulting\"},\"image\":{\"@id\":\"https:\\\/\\\/b2bconsulty.com\\\/it\\\/#\\\/schema\\\/logo\\\/image\\\/\"},\"sameAs\":[\"https:\\\/\\\/www.facebook.com\\\/B2Bconsulty\",\"https:\\\/\\\/www.linkedin.com\\\/in\\\/b2b-consulting\\\/\",\"https:\\\/\\\/www.instagram.com\\\/b2b_consulty\\\/\"],\"description\":\"Business set up in Dubai in a Free zone or in Mainland. Opening a bank account in Dubai. Accountancy services.\",\"email\":\"info@b2bconsulty.com\",\"telephone\":\"+971585167702\",\"legalName\":\"B2B Consulty Dubai\",\"foundingDate\":\"2024-08-01\",\"numberOfEmployees\":{\"@type\":\"QuantitativeValue\",\"minValue\":\"1\",\"maxValue\":\"10\"},\"publishingPrinciples\":\"https:\\\/\\\/b2bconsulty.com\\\/privacy-and-policy\\\/\"}]}<\/script>\n<!-- \/ Yoast SEO Premium plugin. -->","yoast_head_json":{"title":"Contatta B2B Consulty | Apri una societ\u00e0 a Dubai","description":"Prenota una consulenza gratuita con i nostri esperti fiscali e scopri tutti i vantaggi esclusivi di aprire una societ\u00e0 a Dubai senza tasse.","robots":{"index":"index","follow":"follow","max-snippet":"max-snippet:-1","max-image-preview":"max-image-preview:large","max-video-preview":"max-video-preview:-1"},"canonical":"https:\/\/b2bconsulty.com\/it\/contatto\/","og_locale":"it_IT","og_type":"article","og_title":"Contatta Business setup formation in Dubai","og_description":"B2B Consulty is your trusted partner for UAE company formation, Free Zone or Mainland setup, bank account opening, and business support.","og_url":"https:\/\/b2bconsulty.com\/it\/contatto\/","og_site_name":"B2B Consulting","article_publisher":"https:\/\/www.facebook.com\/B2Bconsulty","article_modified_time":"2026-01-28T09:58:08+00:00","og_image":[{"width":1200,"height":675,"url":"https:\/\/b2bconsulty.com\/wp-content\/uploads\/2025\/12\/B2B_Consulting_1200x675.png","type":"image\/png"}],"twitter_card":"summary_large_image","twitter_misc":{"Tempo di lettura stimato":"2 minuti"},"schema":{"@context":"https:\/\/schema.org","@graph":[{"@type":"WebPage","@id":"https:\/\/b2bconsulty.com\/it\/contatto\/","url":"https:\/\/b2bconsulty.com\/it\/contatto\/","name":"Contatta B2B Consulty | Apri una societ\u00e0 a Dubai","isPartOf":{"@id":"https:\/\/b2bconsulty.com\/it\/#website"},"datePublished":"2024-08-26T10:26:58+00:00","dateModified":"2026-01-28T09:58:08+00:00","description":"Prenota una consulenza gratuita con i nostri esperti fiscali e scopri tutti i vantaggi esclusivi di aprire una societ\u00e0 a Dubai senza tasse.","breadcrumb":{"@id":"https:\/\/b2bconsulty.com\/it\/contatto\/#breadcrumb"},"inLanguage":"it-IT","potentialAction":[{"@type":"ReadAction","target":["https:\/\/b2bconsulty.com\/it\/contatto\/"]}]},{"@type":"BreadcrumbList","@id":"https:\/\/b2bconsulty.com\/it\/contatto\/#breadcrumb","itemListElement":[{"@type":"ListItem","position":1,"name":"Home","item":"https:\/\/b2bconsulty.com\/it\/"},{"@type":"ListItem","position":2,"name":"Contatta"}]},{"@type":"WebSite","@id":"https:\/\/b2bconsulty.com\/it\/#website","url":"https:\/\/b2bconsulty.com\/it\/","name":"B2B Consulting Dubai","description":"Business Setup in Dubai Freezone","publisher":{"@id":"https:\/\/b2bconsulty.com\/it\/#organization"},"alternateName":"B2B Consulting","potentialAction":[{"@type":"SearchAction","target":{"@type":"EntryPoint","urlTemplate":"https:\/\/b2bconsulty.com\/it\/?s={search_term_string}"},"query-input":{"@type":"PropertyValueSpecification","valueRequired":true,"valueName":"search_term_string"}}],"inLanguage":"it-IT"},{"@type":"Organization","@id":"https:\/\/b2bconsulty.com\/it\/#organization","name":"B2B Consulting","alternateName":"B2B Consulting","url":"https:\/\/b2bconsulty.com\/it\/","logo":{"@type":"ImageObject","inLanguage":"it-IT","@id":"https:\/\/b2bconsulty.com\/it\/#\/schema\/logo\/image\/","url":"https:\/\/b2bconsulty.com\/wp-content\/uploads\/2024\/11\/Frame-5-1.png","contentUrl":"https:\/\/b2bconsulty.com\/wp-content\/uploads\/2024\/11\/Frame-5-1.png","width":728,"height":129,"caption":"B2B Consulting"},"image":{"@id":"https:\/\/b2bconsulty.com\/it\/#\/schema\/logo\/image\/"},"sameAs":["https:\/\/www.facebook.com\/B2Bconsulty","https:\/\/www.linkedin.com\/in\/b2b-consulting\/","https:\/\/www.instagram.com\/b2b_consulty\/"],"description":"Business set up in Dubai in a Free zone or in Mainland. Opening a bank account in Dubai. Accountancy services.","email":"info@b2bconsulty.com","telephone":"+971585167702","legalName":"B2B Consulty Dubai","foundingDate":"2024-08-01","numberOfEmployees":{"@type":"QuantitativeValue","minValue":"1","maxValue":"10"},"publishingPrinciples":"https:\/\/b2bconsulty.com\/privacy-and-policy\/"}]}},"_links":{"self":[{"href":"https:\/\/b2bconsulty.com\/it\/wp-json\/wp\/v2\/pages\/5615","targetHints":{"allow":["GET"]}}],"collection":[{"href":"https:\/\/b2bconsulty.com\/it\/wp-json\/wp\/v2\/pages"}],"about":[{"href":"https:\/\/b2bconsulty.com\/it\/wp-json\/wp\/v2\/types\/page"}],"author":[{"embeddable":true,"href":"https:\/\/b2bconsulty.com\/it\/wp-json\/wp\/v2\/users\/1"}],"replies":[{"embeddable":true,"href":"https:\/\/b2bconsulty.com\/it\/wp-json\/wp\/v2\/comments?post=5615"}],"version-history":[{"count":13,"href":"https:\/\/b2bconsulty.com\/it\/wp-json\/wp\/v2\/pages\/5615\/revisions"}],"predecessor-version":[{"id":10304,"href":"https:\/\/b2bconsulty.com\/it\/wp-json\/wp\/v2\/pages\/5615\/revisions\/10304"}],"wp:attachment":[{"href":"https:\/\/b2bconsulty.com\/it\/wp-json\/wp\/v2\/media?parent=5615"}],"curies":[{"name":"wp","href":"https:\/\/api.w.org\/{rel}","templated":true}]}}